{"id":10190,"date":"2020-02-13T14:59:19","date_gmt":"2020-02-13T13:59:19","guid":{"rendered":"https:\/\/presupuestoypatrimonio.umh.es\/?page_id=10190"},"modified":"2026-04-15T09:57:41","modified_gmt":"2026-04-15T07:57:41","slug":"gestion-presupuesto-capitulo-ii","status":"publish","type":"page","link":"https:\/\/presupuestoypatrimonio.umh.es\/ca\/presupuestos-2\/gestion\/gestion-presupuesto-capitulo-ii\/","title":{"rendered":"<span lang=\"es\">(Espa\u00f1ol) Gesti\u00f3n Presupuesto: Cap\u00edtulo II<\/span>"},"content":{"rendered":"<p class=\"qtranxs-available-languages-message qtranxs-available-languages-message-ca\">Ho sentim, aquesta entrada es troba disponible \u00fanicament en <a href=\"https:\/\/presupuestoypatrimonio.umh.es\/es\/wp-json\/wp\/v2\/pages\/10190\" class=\"qtranxs-available-language-link qtranxs-available-language-link-es\" title=\"Espa\u00f1ol\">Espanyol Europeu<\/a>.<\/p>","protected":false},"excerpt":{"rendered":"<p>Ho sentim, aquesta entrada es troba disponible \u00fanicament en Espanyol Europeu.<\/p>\n","protected":false},"author":318,"featured_media":0,"parent":13689,"menu_order":1,"comment_status":"closed","ping_status":"closed","template":"","meta":{"_links_to":"","_links_to_target":""},"_links":{"self":[{"href":"https:\/\/presupuestoypatrimonio.umh.es\/ca\/wp-json\/wp\/v2\/pages\/10190"}],"collection":[{"href":"https:\/\/presupuestoypatrimonio.umh.es\/ca\/wp-json\/wp\/v2\/pages"}],"about":[{"href":"https:\/\/presupuestoypatrimonio.umh.es\/ca\/wp-json\/wp\/v2\/types\/page"}],"author":[{"embeddable":true,"href":"https:\/\/presupuestoypatrimonio.umh.es\/ca\/wp-json\/wp\/v2\/users\/318"}],"replies":[{"embeddable":true,"href":"https:\/\/presupuestoypatrimonio.umh.es\/ca\/wp-json\/wp\/v2\/comments?post=10190"}],"version-history":[{"count":0,"href":"https:\/\/presupuestoypatrimonio.umh.es\/ca\/wp-json\/wp\/v2\/pages\/10190\/revisions"}],"up":[{"embeddable":true,"href":"https:\/\/presupuestoypatrimonio.umh.es\/ca\/wp-json\/wp\/v2\/pages\/13689"}],"wp:attachment":[{"href":"https:\/\/presupuestoypatrimonio.umh.es\/ca\/wp-json\/wp\/v2\/media?parent=10190"}],"curies":[{"name":"wp","href":"https:\/\/api.w.org\/{rel}","templated":true}]}}