{"id":12030,"date":"2021-01-12T13:39:01","date_gmt":"2021-01-12T12:39:01","guid":{"rendered":"https:\/\/presupuestoypatrimonio.umh.es\/?page_id=12030"},"modified":"2024-01-08T09:55:34","modified_gmt":"2024-01-08T08:55:34","slug":"presupuesto-2020","status":"publish","type":"page","link":"https:\/\/presupuestoypatrimonio.umh.es\/ca\/presupuestos-2\/aprobacion\/presupuesto-2020\/","title":{"rendered":"<span lang=\"es\">(Espa\u00f1ol) Presupuesto 2020<\/span>"},"content":{"rendered":"<p><a href=\"http:\/\/mediaumh.es\/presupuestos\/2020\/\" target=\"_blank\" rel=\"noopener\">E-Presupuesto <\/a><a href=\"http:\/\/mediaumh.es\/presupuestos\/2020\/\" target=\"_blank\" rel=\"noopener\">2020<\/a><a href=\"http:\/\/mediaumh.es\/presupuestos\/2020\/\" target=\"_blank\" rel=\"noopener\"><img loading=\"lazy\" class=\"alignnone wp-image-16022 size-full\" src=\"https:\/\/presupuestoypatrimonio.umh.es\/files\/2023\/09\/ICONO-abre-en-nueva-ventana.png\" alt=\"abre en nueva ventana\" width=\"15\" height=\"15\" \/><\/a><\/p>\n<div class=\"content\">\n<p><a href=\"https:\/\/presupuestoypatrimonio.umh.es\/files\/2019\/12\/Estado-de-Gastos-Por-Unidad-Organica-2.pdf\" target=\"_blank\" rel=\"noopener\">Estado de Gastos Por Unidad Org\u00e1nica (PDF)<img loading=\"lazy\" class=\"alignnone size-full wp-image-16022\" src=\"https:\/\/presupuestoypatrimonio.umh.es\/files\/2023\/09\/ICONO-abre-en-nueva-ventana.png\" alt=\"abre en nueva ventana\" width=\"15\" height=\"15\" \/><\/a><\/p>\n<p><a href=\"https:\/\/presupuestoypatrimonio.umh.es\/files\/2019\/12\/Estado-de-Gastos-Por-Cap\u00edtulos-2.pdf\" target=\"_blank\" rel=\"noopener\">Estado de Gastos Por Cap\u00edtulos (PDF)<img loading=\"lazy\" class=\"alignnone size-full wp-image-16022\" src=\"https:\/\/presupuestoypatrimonio.umh.es\/files\/2023\/09\/ICONO-abre-en-nueva-ventana.png\" alt=\"abre en nueva ventana\" width=\"15\" height=\"15\" \/><\/a><\/p>\n<p><a href=\"https:\/\/presupuestoypatrimonio.umh.es\/files\/2019\/12\/Estado-de-Ingresos-2.pdf\" target=\"_blank\" rel=\"noopener\">Estado de Ingresos(PDF)<img loading=\"lazy\" class=\"alignnone size-full wp-image-16022\" src=\"https:\/\/presupuestoypatrimonio.umh.es\/files\/2023\/09\/ICONO-abre-en-nueva-ventana.png\" alt=\"abre en nueva ventana\" width=\"15\" height=\"15\" \/><\/a><\/p>\n<p><a href=\"https:\/\/presupuestoypatrimonio.umh.es\/files\/2020\/07\/NEF.pdf\" target=\"_blank\" rel=\"noopener\">Normas de Ejecuci\u00f3n y Funcionamiento(PDF)<img loading=\"lazy\" class=\"alignnone size-full wp-image-16022\" src=\"https:\/\/presupuestoypatrimonio.umh.es\/files\/2023\/09\/ICONO-abre-en-nueva-ventana.png\" alt=\"abre en nueva ventana\" width=\"15\" height=\"15\" \/><\/a> (Actualizaci\u00f3n seg\u00fan acuerdos sesi\u00f3n ordinaria de la Comisi\u00f3n Econ\u00f3mica del Consejo Social de fecha 27\/07\/2020)<\/p>\n<p><a href=\"https:\/\/presupuestoypatrimonio.umh.es\/files\/2019\/12\/05-PLAN-ESTRAT\u00c9GICO-SUBVENCIONES-2020-CAP\u00cdTULOS-IV-VIII.pdf\" target=\"_blank\" rel=\"noopener\">Plan Estrat\u00e9gico de Subvenciones, Becas, Ayudas y Premios (Cap\u00edtulos IV-VII)(PDF)<img loading=\"lazy\" class=\"alignnone size-full wp-image-16022\" src=\"https:\/\/presupuestoypatrimonio.umh.es\/files\/2023\/09\/ICONO-abre-en-nueva-ventana.png\" alt=\"abre en nueva ventana\" width=\"15\" height=\"15\" \/><\/a><\/p>\n<p><a href=\"https:\/\/presupuestoypatrimonio.umh.es\/files\/2020\/05\/07-Plan-Estrat\u00e9gico-Plurianual-Definitivo-2020-2023-1.pdf\" target=\"_blank\" rel=\"noopener\">Planificaci\u00f3n Plurianual (cap\u00edtulos II, IV y VII) 2020 -2023(PDF)<img loading=\"lazy\" class=\"alignnone size-full wp-image-16022\" src=\"https:\/\/presupuestoypatrimonio.umh.es\/files\/2023\/09\/ICONO-abre-en-nueva-ventana.png\" alt=\"abre en nueva ventana\" width=\"15\" height=\"15\" \/><\/a><\/p>\n<p><a href=\"http:\/\/ACSUMH 2020\/719, aprobado en sesi\u00f3n ordinaria del Pleno del Consejo Social de fecha 02\/06\/2020.\">Plan Plurianual de Inversiones (cap\u00edtulo VI)<\/a>:<\/p>\n<ul>\n<li style=\"list-style-type: none\">\n<ul>\n<li>Inicial, aprobado junto al Presupuesto 2020: <a href=\"https:\/\/presupuestoypatrimonio.umh.es\/files\/2020\/05\/06-Plan-Plurianual-de-Inversiones-Cap.-6-2020-2023.pdf\" target=\"_blank\" rel=\"noopener\">ACSUMH 2019\/700, aprobado en sesi\u00f3n ordinaria del Pleno del Consejo Social de fecha 18\/12\/2019.(PDF)<img loading=\"lazy\" class=\"alignnone size-full wp-image-16022\" src=\"https:\/\/presupuestoypatrimonio.umh.es\/files\/2023\/09\/ICONO-abre-en-nueva-ventana.png\" alt=\"\" width=\"15\" height=\"15\" \/><\/a><\/li>\n<li>Modificaci\u00f3n: <a href=\"https:\/\/presupuestoypatrimonio.umh.es\/files\/2020\/06\/MODIFICACI\u00d3N-PPI-JUNIO-2020.pdf\" target=\"_blank\" rel=\"noopener\">ACSUMH 2020\/719, aprobado en sesi\u00f3n ordinaria del Pleno del Consejo Social de fecha 02\/06\/2020(PDF)<img loading=\"lazy\" class=\"alignnone size-full wp-image-16022\" src=\"https:\/\/presupuestoypatrimonio.umh.es\/files\/2023\/09\/ICONO-abre-en-nueva-ventana.png\" alt=\"\" width=\"15\" height=\"15\" \/>.<\/a><\/li>\n<li>Modificaci\u00f3n: <a href=\"https:\/\/presupuestoypatrimonio.umh.es\/files\/2020\/12\/MODIFICACI\u00d3N-PLAN-PLURIANUAL-INVERSIONES-2020-2023-REVISTAS.pdf\" target=\"_blank\" rel=\"noopener\">ACSUMH 2020\/733, aprobado en sesi\u00f3n ordinaria del Pleno del Consejo Social de fecha 10\/11\/2020(PDF)<img loading=\"lazy\" class=\"alignnone size-full wp-image-16022\" src=\"https:\/\/presupuestoypatrimonio.umh.es\/files\/2023\/09\/ICONO-abre-en-nueva-ventana.png\" alt=\"\" width=\"15\" height=\"15\" \/>.<\/a><\/li>\n<\/ul>\n<\/li>\n<\/ul>\n<p><a href=\"https:\/\/presupuestoypatrimonio.umh.es\/files\/2019\/12\/03-Presupuesto-consolidado-UMH-FUMH.pdf\" target=\"_blank\" rel=\"noopener\">Presupuesto consolidado UMH-FUMH(PDF).<img loading=\"lazy\" class=\"alignnone size-full wp-image-16022\" src=\"https:\/\/presupuestoypatrimonio.umh.es\/files\/2023\/09\/ICONO-abre-en-nueva-ventana.png\" alt=\"\" width=\"15\" height=\"15\" \/><\/a><\/p>\n<p>Delegaci\u00f3n de Competencias Presupuestarias:<\/p>\n<ul>\n<li style=\"list-style-type: none\">\n<ul>\n<li>Inicial: <a href=\"https:\/\/presupuestoypatrimonio.umh.es\/files\/2020\/01\/RR-0126_2020.pdf\" target=\"_blank\" rel=\"noopener\">RR 0126\/2020 de 22\/01\/2020(PDF)<img loading=\"lazy\" class=\"alignnone size-full wp-image-16022\" src=\"https:\/\/presupuestoypatrimonio.umh.es\/files\/2023\/09\/ICONO-abre-en-nueva-ventana.png\" alt=\"\" width=\"15\" height=\"15\" \/><\/a><\/li>\n<li>Modificaci\u00f3n: <a href=\"https:\/\/presupuestoypatrimonio.umh.es\/files\/2020\/06\/RR-0739_2020-COPIA-IMPRIMIBLE-ETIQUETA-RECTOR.pdf\" target=\"_blank\" rel=\"noopener\">RR 0739\/2020 de 05\/06\/2020(PDF)<img loading=\"lazy\" class=\"alignnone size-full wp-image-16022\" src=\"https:\/\/presupuestoypatrimonio.umh.es\/files\/2023\/09\/ICONO-abre-en-nueva-ventana.png\" alt=\"\" width=\"15\" height=\"15\" \/><\/a><\/li>\n<li>Modificaci\u00f3n: <a href=\"https:\/\/presupuestoypatrimonio.umh.es\/files\/2020\/07\/RR01194_2020.pdf\" target=\"_blank\" rel=\"noopener\">RR 01194\/2020 de 20\/07\/2020(PDF).<img loading=\"lazy\" class=\"alignnone size-full wp-image-16022\" src=\"https:\/\/presupuestoypatrimonio.umh.es\/files\/2023\/09\/ICONO-abre-en-nueva-ventana.png\" alt=\"\" width=\"15\" height=\"15\" \/><\/a><\/li>\n<\/ul>\n<\/li>\n<\/ul>\n<p><a href=\"https:\/\/presupuestoypatrimonio.umh.es\/files\/2020\/01\/2020_601-Publicaci\u00f3n-DOGV.pdf\" target=\"_blank\" rel=\"noopener\">Publicaci\u00f3n en el DOGV(PDF).<img loading=\"lazy\" class=\"alignnone size-full wp-image-16022\" src=\"https:\/\/presupuestoypatrimonio.umh.es\/files\/2023\/09\/ICONO-abre-en-nueva-ventana.png\" alt=\"\" width=\"15\" height=\"15\" \/><\/a><\/p>\n<\/div>\n<p><\/p>","protected":false},"excerpt":{"rendered":"<p>E-Presupuesto 2020<\/p>\n<p>Estado de Gastos Por Unidad Org\u00e1nica (PDF)<br \/>\nEstado de Gastos Por Cap\u00edtulos (PDF)<br \/>\nEstado de Ingresos(PDF)<br \/>\nNormas de Ejecuci\u00f3n y Funcionamiento(PDF) (Actualizaci\u00f3n seg\u00fan acuerdos sesi\u00f3n ordinaria de la Comisi\u00f3n Econ\u00f3mica del Consejo Social de fecha 27\/07\/2020)<br \/>\nPlan Estrat\u00e9gico de Subvenciones, Becas, Ayudas y Premios (Cap\u00edtulos IV-VII)(PDF)<br \/>\nPlanificaci\u00f3n Plurianual (cap\u00edtulos II, IV y VII) 2020 -2023(PDF)<br \/>\nPlan Plurianual de Inversiones (cap\u00edtulo [&#8230;]<\/p>\n","protected":false},"author":318,"featured_media":0,"parent":31,"menu_order":0,"comment_status":"closed","ping_status":"closed","template":"","meta":{"_links_to":"","_links_to_target":""},"_links":{"self":[{"href":"https:\/\/presupuestoypatrimonio.umh.es\/ca\/wp-json\/wp\/v2\/pages\/12030"}],"collection":[{"href":"https:\/\/presupuestoypatrimonio.umh.es\/ca\/wp-json\/wp\/v2\/pages"}],"about":[{"href":"https:\/\/presupuestoypatrimonio.umh.es\/ca\/wp-json\/wp\/v2\/types\/page"}],"author":[{"embeddable":true,"href":"https:\/\/presupuestoypatrimonio.umh.es\/ca\/wp-json\/wp\/v2\/users\/318"}],"replies":[{"embeddable":true,"href":"https:\/\/presupuestoypatrimonio.umh.es\/ca\/wp-json\/wp\/v2\/comments?post=12030"}],"version-history":[{"count":0,"href":"https:\/\/presupuestoypatrimonio.umh.es\/ca\/wp-json\/wp\/v2\/pages\/12030\/revisions"}],"up":[{"embeddable":true,"href":"https:\/\/presupuestoypatrimonio.umh.es\/ca\/wp-json\/wp\/v2\/pages\/31"}],"wp:attachment":[{"href":"https:\/\/presupuestoypatrimonio.umh.es\/ca\/wp-json\/wp\/v2\/media?parent=12030"}],"curies":[{"name":"wp","href":"https:\/\/api.w.org\/{rel}","templated":true}]}}