{"id":13689,"date":"2021-06-22T09:46:17","date_gmt":"2021-06-22T07:46:17","guid":{"rendered":"https:\/\/presupuestoypatrimonio.umh.es\/?page_id=13689"},"modified":"2025-07-22T11:34:53","modified_gmt":"2025-07-22T09:34:53","slug":"gestion","status":"publish","type":"page","link":"https:\/\/presupuestoypatrimonio.umh.es\/ca\/presupuestos-2\/gestion\/","title":{"rendered":"<span lang=\"es\">(Espa\u00f1ol) Gesti\u00f3n Presupuestaria<\/span>"},"content":{"rendered":"<p><\/p>\n<ul>\n<li><a href=\"https:\/\/presupuestoypatrimonio.umh.es\/presupuestos-2\/gestion\/modificaciones-presupuestarias\/\" target=\"_blank\" rel=\"noopener\">Modificaciones Presupuestarias<\/a><a href=\"https:\/\/presupuestoypatrimonio.umh.es\/files\/2023\/09\/ICONO-abre-en-nueva-ventana.png\"><img loading=\"lazy\" class=\"alignnone size-full wp-image-16022\" src=\"https:\/\/presupuestoypatrimonio.umh.es\/files\/2023\/09\/ICONO-abre-en-nueva-ventana.png\" alt=\"abre en nueva ventana\" width=\"15\" height=\"15\" \/><\/a><\/li>\n<li><a href=\"https:\/\/presupuestoypatrimonio.umh.es\/presupuestos-2\/gestion\/gestion-presupuesto-capitulo-ii\/\" target=\"_blank\" rel=\"noopener\">Gesti\u00f3n Presupuesto: Cap\u00edtulo II<\/a><a href=\"https:\/\/presupuestoypatrimonio.umh.es\/files\/2023\/09\/ICONO-abre-en-nueva-ventana.png\"><img loading=\"lazy\" class=\"alignnone size-full wp-image-16022\" src=\"https:\/\/presupuestoypatrimonio.umh.es\/files\/2023\/09\/ICONO-abre-en-nueva-ventana.png\" alt=\"abre en nueva ventana\" width=\"15\" height=\"15\" \/><\/a><\/li>\n<li><a href=\"https:\/\/presupuestoypatrimonio.umh.es\/presupuestos-2\/gestion\/subvenciones-becas-ayudas-y-premios\/\">Gesti\u00f3n Presupuesto: Cap\u00edtulo IV y VI<\/a>I<a href=\"https:\/\/presupuestoypatrimonio.umh.es\/files\/2023\/09\/ICONO-abre-en-nueva-ventana.png\"><img loading=\"lazy\" class=\"alignnone size-full wp-image-16022\" src=\"https:\/\/presupuestoypatrimonio.umh.es\/files\/2023\/09\/ICONO-abre-en-nueva-ventana.png\" alt=\"abre en nueva ventana\" width=\"15\" height=\"15\" \/><\/a><\/li>\n<li><a href=\"https:\/\/presupuestoypatrimonio.umh.es\/presupuestos-2\/gestion\/gestion-de-actividades-especificas\/\">Gesti\u00f3n de Actividades Espec\u00edficas<img loading=\"lazy\" class=\"alignnone size-full wp-image-16022\" src=\"https:\/\/presupuestoypatrimonio.umh.es\/files\/2023\/09\/ICONO-abre-en-nueva-ventana.png\" alt=\"abre en nueva ventana\" width=\"15\" height=\"15\" \/><\/a><\/li>\n<li><a href=\"https:\/\/presupuestoypatrimonio.umh.es\/presupuestos-2\/gestion\/aplicacion-del-art-5-normas-de-ejecucion-y-funcionamiento\/\" target=\"_blank\" rel=\"noopener\">Aplicaci\u00f3n del Art. 5 Normas de Ejecuci\u00f3n y Funcionamiento<img loading=\"lazy\" class=\"alignnone size-full wp-image-16022\" src=\"https:\/\/presupuestoypatrimonio.umh.es\/files\/2023\/09\/ICONO-abre-en-nueva-ventana.png\" alt=\"\" width=\"15\" height=\"15\" \/><\/a><\/li>\n<li><a href=\"https:\/\/presupuestoypatrimonio.umh.es\/presupuestos-2\/gestion\/convenios\/\" target=\"_blank\" rel=\"noopener\">Convenios<\/a><a href=\"https:\/\/presupuestoypatrimonio.umh.es\/files\/2023\/09\/ICONO-abre-en-nueva-ventana.png\"><img loading=\"lazy\" class=\"alignnone size-full wp-image-16022\" src=\"https:\/\/presupuestoypatrimonio.umh.es\/files\/2023\/09\/ICONO-abre-en-nueva-ventana.png\" alt=\"abre en nueva ventana\" width=\"15\" height=\"15\" \/><\/a><\/li>\n<li><a href=\"https:\/\/presupuestoypatrimonio.umh.es\/presupuestos-2\/gestion\/delegacion-firmas-responsables-de-c-gto\/\" target=\"_blank\" rel=\"noopener\">Delegaci\u00f3n de Firmas<\/a><a href=\"https:\/\/presupuestoypatrimonio.umh.es\/files\/2023\/09\/ICONO-abre-en-nueva-ventana.png\"><img loading=\"lazy\" class=\"alignnone size-full wp-image-16022\" src=\"https:\/\/presupuestoypatrimonio.umh.es\/files\/2023\/09\/ICONO-abre-en-nueva-ventana.png\" alt=\"abre en nueva ventana\" width=\"15\" height=\"15\" \/><\/a><\/li>\n<li><a href=\"https:\/\/presupuestoypatrimonio.umh.es\/presupuestos-2\/gestion\/proyecto-de-gestion-eficiente-remanentes-afectados\/\" target=\"_blank\" rel=\"noopener\">Gesti\u00f3n Eficiente del Programa de Actividades Asociadas a Remanentes (PAR\/CAR)<\/a><a href=\"https:\/\/presupuestoypatrimonio.umh.es\/files\/2023\/09\/ICONO-abre-en-nueva-ventana.png\"><img loading=\"lazy\" class=\"alignnone size-full wp-image-16022\" src=\"https:\/\/presupuestoypatrimonio.umh.es\/files\/2023\/09\/ICONO-abre-en-nueva-ventana.png\" alt=\"abre en nueva ventana\" width=\"15\" height=\"15\" \/><\/a><\/li>\n<li><a href=\"https:\/\/presupuestoypatrimonio.umh.es\/presupuestos-2\/gestion\/tasas-precios-publicos\/\">Tasas\/Precios P\u00fablicos<\/a> <a href=\"https:\/\/presupuestoypatrimonio.umh.es\/files\/2023\/09\/ICONO-abre-en-nueva-ventana.png\"><img loading=\"lazy\" class=\"alignnone size-full wp-image-16022\" src=\"https:\/\/presupuestoypatrimonio.umh.es\/files\/2023\/09\/ICONO-abre-en-nueva-ventana.png\" alt=\"abre en nueva ventana\" width=\"15\" height=\"15\" \/><\/a><\/li>\n<li><a href=\"https:\/\/presupuestoypatrimonio.umh.es\/files\/2022\/06\/PLANNING-COGO.pdf\" target=\"_blank\" rel=\"noopener\">Planning \u00d3rganos de Gobierno\u00a0<\/a> <img loading=\"lazy\" class=\"alignnone wp-image-16022 size-full\" src=\"https:\/\/presupuestoypatrimonio.umh.es\/files\/2023\/09\/ICONO-abre-en-nueva-ventana.png\" alt=\"abre en nueva ventana\" width=\"15\" height=\"15\" \/><\/li>\n<li><a href=\"https:\/\/presupuestoypatrimonio.umh.es\/presupuestos-2\/gestion\/guias-practicas-de-gestion-presupuestaria\/\" target=\"_blank\" rel=\"noopener\">Gu\u00edas Pr\u00e1cticas de Gesti\u00f3n Presupuestaria<img loading=\"lazy\" class=\"alignnone size-full wp-image-16022\" src=\"https:\/\/presupuestoypatrimonio.umh.es\/files\/2023\/09\/ICONO-abre-en-nueva-ventana.png\" alt=\"abre en nueva ventana\" width=\"15\" height=\"15\" \/><\/a><\/li>\n<\/ul>\n<p><\/p>","protected":false},"excerpt":{"rendered":"<p>Modificaciones Presupuestarias<br \/>\nGesti\u00f3n Presupuesto: Cap\u00edtulo II<br \/>\nGesti\u00f3n Presupuesto: Cap\u00edtulo IV y VII<br \/>\nGesti\u00f3n de Actividades Espec\u00edficas<br \/>\nAplicaci\u00f3n del Art. 5 Normas de Ejecuci\u00f3n y Funcionamiento<br \/>\nConvenios<br \/>\nDelegaci\u00f3n de Firmas<br \/>\nGesti\u00f3n Eficiente del Programa de Actividades Asociadas a Remanentes (PAR\/CAR)<br \/>\nTasas\/Precios P\u00fablicos<br \/>\nPlanning \u00d3rganos de Gobierno\u00a0<br \/>\nGu\u00edas Pr\u00e1cticas de Gesti\u00f3n Presupuestaria<\/p>\n","protected":false},"author":3872,"featured_media":0,"parent":29,"menu_order":30,"comment_status":"closed","ping_status":"closed","template":"","meta":{"_links_to":"","_links_to_target":""},"_links":{"self":[{"href":"https:\/\/presupuestoypatrimonio.umh.es\/ca\/wp-json\/wp\/v2\/pages\/13689"}],"collection":[{"href":"https:\/\/presupuestoypatrimonio.umh.es\/ca\/wp-json\/wp\/v2\/pages"}],"about":[{"href":"https:\/\/presupuestoypatrimonio.umh.es\/ca\/wp-json\/wp\/v2\/types\/page"}],"author":[{"embeddable":true,"href":"https:\/\/presupuestoypatrimonio.umh.es\/ca\/wp-json\/wp\/v2\/users\/3872"}],"replies":[{"embeddable":true,"href":"https:\/\/presupuestoypatrimonio.umh.es\/ca\/wp-json\/wp\/v2\/comments?post=13689"}],"version-history":[{"count":0,"href":"https:\/\/presupuestoypatrimonio.umh.es\/ca\/wp-json\/wp\/v2\/pages\/13689\/revisions"}],"up":[{"embeddable":true,"href":"https:\/\/presupuestoypatrimonio.umh.es\/ca\/wp-json\/wp\/v2\/pages\/29"}],"wp:attachment":[{"href":"https:\/\/presupuestoypatrimonio.umh.es\/ca\/wp-json\/wp\/v2\/media?parent=13689"}],"curies":[{"name":"wp","href":"https:\/\/api.w.org\/{rel}","templated":true}]}}