{"id":1401,"date":"2012-05-02T10:21:20","date_gmt":"2012-05-02T10:21:20","guid":{"rendered":"http:\/\/sicgfyp.umh.es\/informacion-contable\/normativa-de-gestion\/circulares-de-cierre-y-apertura-del-ejercicio\/cierre-ejercicio-2009\/"},"modified":"2012-05-02T10:21:20","modified_gmt":"2012-05-02T10:21:20","slug":"cierre-ejercicio-2009","status":"publish","type":"page","link":"https:\/\/presupuestoypatrimonio.umh.es\/ca\/circulares-de-cierre-y-apertura-del-ejercicio\/cierre-ejercicio-2009\/","title":{"rendered":"Cierre Ejercicio 2009"},"content":{"rendered":"<p><\/p>\n<p>a) Para dar reflejo presupuestario en el ejercicio 2009 a las operaciones del mes de Diciembre, y preparar adecuadamente la transferencia de la N\u00f3mina de personal, la misma debe estar en disposici\u00f3n de pagarse antes del 12 de DICIEMBRE, al igual que los Seguros Sociales y Muface del mes de Noviembre, y cualquier otro pago del cap\u00edtulo 1\u00ba del Presupuesto (Gastos de Personal) o Remuneraciones con cargo a Acuerdos de Investigaci\u00f3n.<\/p>\n<p>p<\/p>\n<p>2.- Traspaso de los intereses producidos por las Cuentas a  la de Operaciones de C.A.M., comunicando la operaci\u00f3n al Servicio de Informaci\u00f3n Contable, Gesti\u00f3n Financiera y Presupuestos.<\/p>\n<p><\/p>","protected":false},"excerpt":{"rendered":"<p>a) Para dar reflejo presupuestario en el ejercicio 2009 a las operaciones del mes de Diciembre, y preparar adecuadamente la transferencia de la N\u00f3mina de personal, la misma debe estar en disposici\u00f3n de pagarse antes del 12 de DICIEMBRE, al igual que los Seguros Sociales y Muface del mes de Noviembre, y cualquier otro pago [&#8230;]<\/p>\n","protected":false},"author":1,"featured_media":0,"parent":1397,"menu_order":0,"comment_status":"closed","ping_status":"open","template":"","meta":{"_links_to":"","_links_to_target":""},"_links":{"self":[{"href":"https:\/\/presupuestoypatrimonio.umh.es\/ca\/wp-json\/wp\/v2\/pages\/1401"}],"collection":[{"href":"https:\/\/presupuestoypatrimonio.umh.es\/ca\/wp-json\/wp\/v2\/pages"}],"about":[{"href":"https:\/\/presupuestoypatrimonio.umh.es\/ca\/wp-json\/wp\/v2\/types\/page"}],"author":[{"embeddable":true,"href":"https:\/\/presupuestoypatrimonio.umh.es\/ca\/wp-json\/wp\/v2\/users\/1"}],"replies":[{"embeddable":true,"href":"https:\/\/presupuestoypatrimonio.umh.es\/ca\/wp-json\/wp\/v2\/comments?post=1401"}],"version-history":[{"count":0,"href":"https:\/\/presupuestoypatrimonio.umh.es\/ca\/wp-json\/wp\/v2\/pages\/1401\/revisions"}],"up":[{"embeddable":true,"href":"https:\/\/presupuestoypatrimonio.umh.es\/ca\/wp-json\/wp\/v2\/pages\/1397"}],"wp:attachment":[{"href":"https:\/\/presupuestoypatrimonio.umh.es\/ca\/wp-json\/wp\/v2\/media?parent=1401"}],"curies":[{"name":"wp","href":"https:\/\/api.w.org\/{rel}","templated":true}]}}