{"id":15013,"date":"2022-01-20T13:31:38","date_gmt":"2022-01-20T12:31:38","guid":{"rendered":"https:\/\/presupuestoypatrimonio.umh.es\/?page_id=15013"},"modified":"2024-05-13T13:51:57","modified_gmt":"2024-05-13T11:51:57","slug":"2022-2","status":"publish","type":"page","link":"https:\/\/presupuestoypatrimonio.umh.es\/ca\/presupuestos-2\/gestion\/modificaciones-presupuestarias-2\/2022-2\/","title":{"rendered":"<span lang=\"es\">(Espa\u00f1ol) Modificaciones Presupuestarias 2022<\/span>"},"content":{"rendered":"<p><\/p>\n<ul>\n<li><a href=\"https:\/\/presupuestoypatrimonio.umh.es\/presupuestos-2\/gestion\/modificaciones-presupuestarias\/2022-2\/incorporacion-de-remanentes-de-credito\/\" target=\"_blank\" rel=\"noopener\"><strong>Incorporaci\u00f3n de remanentes de cr\u00e9dito<\/strong><\/a> (solicitar contrase\u00f1a en <a href=\"mailto:presupuestoypatrimonio@umh.es\">presupuestoypatrimonio@umh.es<\/a>)<img loading=\"lazy\" class=\"alignnone wp-image-16022 size-full\" src=\"https:\/\/presupuestoypatrimonio.umh.es\/files\/2023\/09\/ICONO-abre-en-nueva-ventana.png\" alt=\"abre en nueva ventana\" width=\"15\" height=\"15\" \/><\/li>\n<li><strong><a href=\"https:\/\/presupuestoypatrimonio.umh.es\/transferencias-de-credito-2022\/\" target=\"_blank\" rel=\"noopener\">Transferencias de cr\u00e9dito (PDF)<\/a><img loading=\"lazy\" class=\"alignnone wp-image-16022 size-full\" src=\"https:\/\/presupuestoypatrimonio.umh.es\/files\/2023\/09\/ICONO-abre-en-nueva-ventana.png\" alt=\"abre en nueva ventana\" width=\"15\" height=\"15\" \/><\/strong><\/li>\n<li><a href=\"https:\/\/presupuestoypatrimonio.umh.es\/presupuestos-2\/gestion\/modificaciones-presupuestarias\/2022-2\/generaciones-de-credito-2022\/\"><strong>Generaciones de cr\u00e9dito(PDF)<img loading=\"lazy\" class=\"alignnone size-full wp-image-16022\" src=\"https:\/\/presupuestoypatrimonio.umh.es\/files\/2023\/09\/ICONO-abre-en-nueva-ventana.png\" alt=\"\" width=\"15\" height=\"15\" \/><\/strong><\/a><\/li>\n<li><strong><a href=\"https:\/\/presupuestoypatrimonio.umh.es\/ampliaciones-de-credito\/\">Ampliaciones de cr\u00e9dito(PDF)<img loading=\"lazy\" class=\"alignnone wp-image-16022 size-full\" src=\"https:\/\/presupuestoypatrimonio.umh.es\/files\/2023\/09\/ICONO-abre-en-nueva-ventana.png\" alt=\"abre en nueva ventana\" width=\"15\" height=\"15\" \/><\/a><\/strong><\/li>\n<li><a href=\"https:\/\/presupuestoypatrimonio.umh.es\/presupuestos-2\/gestion\/modificaciones-presupuestarias\/2022-2\/bajas-de-credito\/\" target=\"_blank\" rel=\"noopener\"><strong>Bajas de cr\u00e9dito(PDF)<\/strong><\/a><img loading=\"lazy\" class=\"alignnone wp-image-16022 size-full\" src=\"https:\/\/presupuestoypatrimonio.umh.es\/files\/2023\/09\/ICONO-abre-en-nueva-ventana.png\" alt=\"abre en nueva ventana\" width=\"15\" height=\"15\" \/><\/li>\n<li><a href=\"https:\/\/presupuestoypatrimonio.umh.es\/presupuestos-2\/gestion\/modificaciones-presupuestarias\/2022-2\/facturas-internas\/\" target=\"_blank\" rel=\"noopener\"><strong>Facturas internas(PDF)<\/strong><\/a><img loading=\"lazy\" class=\"alignnone wp-image-16022 size-full\" src=\"https:\/\/presupuestoypatrimonio.umh.es\/files\/2023\/09\/ICONO-abre-en-nueva-ventana.png\" alt=\"abre en nueva ventana\" width=\"15\" height=\"15\" \/><\/li>\n<\/ul>\n<p><\/p>","protected":false},"excerpt":{"rendered":"<p>Incorporaci\u00f3n de remanentes de cr\u00e9dito (solicitar contrase\u00f1a en presupuestoypatrimonio@umh.es)<br \/>\nTransferencias de cr\u00e9dito (PDF)<br \/>\nGeneraciones de cr\u00e9dito(PDF)<br \/>\nAmpliaciones de cr\u00e9dito(PDF)<br \/>\nBajas de cr\u00e9dito(PDF)<br \/>\nFacturas internas(PDF)<\/p>\n","protected":false},"author":126,"featured_media":0,"parent":32,"menu_order":0,"comment_status":"closed","ping_status":"closed","template":"","meta":{"_links_to":"","_links_to_target":""},"_links":{"self":[{"href":"https:\/\/presupuestoypatrimonio.umh.es\/ca\/wp-json\/wp\/v2\/pages\/15013"}],"collection":[{"href":"https:\/\/presupuestoypatrimonio.umh.es\/ca\/wp-json\/wp\/v2\/pages"}],"about":[{"href":"https:\/\/presupuestoypatrimonio.umh.es\/ca\/wp-json\/wp\/v2\/types\/page"}],"author":[{"embeddable":true,"href":"https:\/\/presupuestoypatrimonio.umh.es\/ca\/wp-json\/wp\/v2\/users\/126"}],"replies":[{"embeddable":true,"href":"https:\/\/presupuestoypatrimonio.umh.es\/ca\/wp-json\/wp\/v2\/comments?post=15013"}],"version-history":[{"count":0,"href":"https:\/\/presupuestoypatrimonio.umh.es\/ca\/wp-json\/wp\/v2\/pages\/15013\/revisions"}],"up":[{"embeddable":true,"href":"https:\/\/presupuestoypatrimonio.umh.es\/ca\/wp-json\/wp\/v2\/pages\/32"}],"wp:attachment":[{"href":"https:\/\/presupuestoypatrimonio.umh.es\/ca\/wp-json\/wp\/v2\/media?parent=15013"}],"curies":[{"name":"wp","href":"https:\/\/api.w.org\/{rel}","templated":true}]}}