{"id":16028,"date":"2022-06-09T13:39:36","date_gmt":"2022-06-09T11:39:36","guid":{"rendered":"https:\/\/presupuestoypatrimonio.umh.es\/?page_id=16028"},"modified":"2025-07-16T10:18:26","modified_gmt":"2025-07-16T08:18:26","slug":"presupuesto-participativo-umh","status":"publish","type":"page","link":"https:\/\/presupuestoypatrimonio.umh.es\/ca\/presupuestos-2\/presupuesto-participativo-umh\/","title":{"rendered":"<span lang=\"es\">(Espa\u00f1ol) Presupuesto Participativo UMH<\/span>"},"content":{"rendered":"<p><strong>Accede al Portal del Presupuesto Participativo desde\u00a0 <a href=\"https:\/\/presupuestosparticipativos.umh.es\/\"><img loading=\"lazy\" class=\"alignnone wp-image-16031\" src=\"https:\/\/presupuestoypatrimonio.umh.es\/files\/2022\/06\/Captura-300x83.png\" alt=\"Presupuesto Participativo UMH\" width=\"278\" height=\"77\" srcset=\"https:\/\/presupuestoypatrimonio.umh.es\/files\/2022\/06\/Captura-300x83.png 300w, https:\/\/presupuestoypatrimonio.umh.es\/files\/2022\/06\/Captura-1024x284.png 1024w, https:\/\/presupuestoypatrimonio.umh.es\/files\/2022\/06\/Captura-768x213.png 768w, https:\/\/presupuestoypatrimonio.umh.es\/files\/2022\/06\/Captura-1536x426.png 1536w, https:\/\/presupuestoypatrimonio.umh.es\/files\/2022\/06\/Captura.png 1901w\" sizes=\"(max-width: 278px) 100vw, 278px\" \/><\/a><\/strong><\/p>\n<p>&nbsp;<\/p>\n<p>La Universidad Miguel Hern\u00e1ndez de Elche, en su compromiso con la colaboraci\u00f3n y la participaci\u00f3n efectiva de la comunidad universitaria en la construcci\u00f3n de \u201cuna universidad de todas y para todas las personas\u201d, desea articular mecanismos de democracia participativa a trav\u00e9s de la convocatoria de los \u201cPresupuestos Participativos UMH\u201d para que PDI, PAS, PI y estudiantado tengan la oportunidad de elaborar propuestas sobre proyectos de inter\u00e9s para nuestra universidad y tengan capacidad de decisi\u00f3n sobre ellos, haciendo corresponsable a toda la comunidad universitaria del proyecto de universidad que queremos.<\/p>\n<p>Para el a\u00f1o 2022, la UMH ha dispuesto la <strong>Partida Presupuestaria 1400\/12205\/48410<\/strong> denominada &#8220;<strong>Proyecto Participativo UMH<\/strong>&#8220;, con una <strong>dotaci\u00f3n de 50.000.-\u20ac<\/strong>.<\/p>\n<p>El \u00f3rgano promotor del Presupuesto Participativo es el\u00a0<strong><a href=\"https:\/\/www.umh.es\/contenido\/Universidad\/:uor_11041\/datos_es.html\" target=\"_blank\" rel=\"noopener\">Vicerrectorado de Inclusi\u00f3n, Sostenibilidad y Deportes.<\/a><a href=\"https:\/\/presupuestoypatrimonio.umh.es\/files\/2023\/09\/ICONO-abre-en-nueva-ventana.png\"><img loading=\"lazy\" class=\"alignnone size-full wp-image-16022\" src=\"https:\/\/presupuestoypatrimonio.umh.es\/files\/2023\/09\/ICONO-abre-en-nueva-ventana.png\" alt=\"abre en nueva ventana\" width=\"15\" height=\"15\" \/><\/a><\/strong><\/p>\n<p>Aqu\u00ed puedes consultar la <a href=\"https:\/\/presupuestoypatrimonio.umh.es\/files\/2022\/06\/RCOGO-122-22-Not-acu.-normativa-elaboracion-y-ejecucion-Presupuestos-Participativos.pdf\" target=\"_blank\" rel=\"noopener\">Normativa sobre la Elaboraci\u00f3n y Ejecuci\u00f3n de los Presupuestos Participativos UMH<\/a>.<a href=\"https:\/\/presupuestoypatrimonio.umh.es\/files\/2023\/09\/ICONO-abre-en-nueva-ventana.png\"><img loading=\"lazy\" class=\"alignnone size-full wp-image-16022\" src=\"https:\/\/presupuestoypatrimonio.umh.es\/files\/2023\/09\/ICONO-abre-en-nueva-ventana.png\" alt=\"abre en nueva ventana\" width=\"15\" height=\"15\" \/><\/a><\/p>\n<p>La <strong><a href=\"https:\/\/presupuestosparticipativos.umh.es\/#seguimiento%20de%20los%20proyectos\" target=\"_blank\" rel=\"noopener\">Comisi\u00f3n de Seguimiento<\/a><\/strong> <a href=\"https:\/\/presupuestoypatrimonio.umh.es\/files\/2023\/09\/ICONO-abre-en-nueva-ventana.png\"><img loading=\"lazy\" class=\"alignnone size-full wp-image-16022\" src=\"https:\/\/presupuestoypatrimonio.umh.es\/files\/2023\/09\/ICONO-abre-en-nueva-ventana.png\" alt=\"abre en nueva ventana\" width=\"15\" height=\"15\" \/><\/a>se encargar\u00e1 de valorar todos los Proyectos presentados.<\/p>\n<p>Para este a\u00f1o este es el <a href=\"https:\/\/presupuestosparticipativos.umh.es\/#c%20alendario\" target=\"_blank\" rel=\"noopener\">Calendario<\/a> <a href=\"https:\/\/presupuestoypatrimonio.umh.es\/files\/2023\/09\/ICONO-abre-en-nueva-ventana.png\"><img loading=\"lazy\" class=\"alignnone size-full wp-image-16022\" src=\"https:\/\/presupuestoypatrimonio.umh.es\/files\/2023\/09\/ICONO-abre-en-nueva-ventana.png\" alt=\"\" width=\"15\" height=\"15\" \/><\/a>del Presupuesto Participativo UMH.<\/p>\n<p>&nbsp;<\/p>","protected":false},"excerpt":{"rendered":"<p>Accede al Portal del Presupuesto Participativo desde\u00a0<br \/>\n&nbsp;<br \/>\nLa Universidad Miguel Hern\u00e1ndez de Elche, en su compromiso con la colaboraci\u00f3n y la participaci\u00f3n efectiva de la comunidad universitaria en la construcci\u00f3n de \u201cuna universidad de todas y para todas las personas\u201d, desea articular mecanismos de democracia participativa a trav\u00e9s de la convocatoria de los \u201cPresupuestos Participativos [&#8230;]<\/p>\n","protected":false},"author":11,"featured_media":0,"parent":29,"menu_order":85,"comment_status":"closed","ping_status":"closed","template":"","meta":{"_links_to":"","_links_to_target":""},"_links":{"self":[{"href":"https:\/\/presupuestoypatrimonio.umh.es\/ca\/wp-json\/wp\/v2\/pages\/16028"}],"collection":[{"href":"https:\/\/presupuestoypatrimonio.umh.es\/ca\/wp-json\/wp\/v2\/pages"}],"about":[{"href":"https:\/\/presupuestoypatrimonio.umh.es\/ca\/wp-json\/wp\/v2\/types\/page"}],"author":[{"embeddable":true,"href":"https:\/\/presupuestoypatrimonio.umh.es\/ca\/wp-json\/wp\/v2\/users\/11"}],"replies":[{"embeddable":true,"href":"https:\/\/presupuestoypatrimonio.umh.es\/ca\/wp-json\/wp\/v2\/comments?post=16028"}],"version-history":[{"count":0,"href":"https:\/\/presupuestoypatrimonio.umh.es\/ca\/wp-json\/wp\/v2\/pages\/16028\/revisions"}],"up":[{"embeddable":true,"href":"https:\/\/presupuestoypatrimonio.umh.es\/ca\/wp-json\/wp\/v2\/pages\/29"}],"wp:attachment":[{"href":"https:\/\/presupuestoypatrimonio.umh.es\/ca\/wp-json\/wp\/v2\/media?parent=16028"}],"curies":[{"name":"wp","href":"https:\/\/api.w.org\/{rel}","templated":true}]}}