{"id":16702,"date":"2022-10-04T10:06:14","date_gmt":"2022-10-04T08:06:14","guid":{"rendered":"https:\/\/presupuestoypatrimonio.umh.es\/?page_id=16702"},"modified":"2025-10-01T13:17:05","modified_gmt":"2025-10-01T11:17:05","slug":"aplicacion-del-art-5-normas-de-ejecucion-y-funcionamiento","status":"publish","type":"page","link":"https:\/\/presupuestoypatrimonio.umh.es\/ca\/presupuestos-2\/gestion\/aplicacion-del-art-5-normas-de-ejecucion-y-funcionamiento\/","title":{"rendered":"<span lang=\"es\">(Espa\u00f1ol) Aplicaci\u00f3n del Art. 5 Bases de Ejecuci\u00f3n y Funcionamiento<\/span>"},"content":{"rendered":"<p><a href=\"https:\/\/presupuestoypatrimonio.umh.es\/files\/2022\/10\/Aplicacion-art.-5-NEFP-2022.pdf\" target=\"_blank\" rel=\"noopener\">Resultado de la aplicaci\u00f3n del Art. 5 de las Normas de Ejecuci\u00f3n y Funcionamiento 2022 (PDF)<img loading=\"lazy\" class=\"alignnone size-full wp-image-16022\" src=\"https:\/\/presupuestoypatrimonio.umh.es\/files\/2023\/09\/ICONO-abre-en-nueva-ventana.png\" alt=\"\" width=\"15\" height=\"15\" \/><\/a><\/p>","protected":false},"excerpt":{"rendered":"<p>Resultado de la aplicaci\u00f3n del Art. 5 de las Normas de Ejecuci\u00f3n y Funcionamiento 2022 (PDF)<\/p>\n","protected":false},"author":126,"featured_media":0,"parent":13689,"menu_order":0,"comment_status":"closed","ping_status":"closed","template":"","meta":{"_links_to":"","_links_to_target":""},"_links":{"self":[{"href":"https:\/\/presupuestoypatrimonio.umh.es\/ca\/wp-json\/wp\/v2\/pages\/16702"}],"collection":[{"href":"https:\/\/presupuestoypatrimonio.umh.es\/ca\/wp-json\/wp\/v2\/pages"}],"about":[{"href":"https:\/\/presupuestoypatrimonio.umh.es\/ca\/wp-json\/wp\/v2\/types\/page"}],"author":[{"embeddable":true,"href":"https:\/\/presupuestoypatrimonio.umh.es\/ca\/wp-json\/wp\/v2\/users\/126"}],"replies":[{"embeddable":true,"href":"https:\/\/presupuestoypatrimonio.umh.es\/ca\/wp-json\/wp\/v2\/comments?post=16702"}],"version-history":[{"count":0,"href":"https:\/\/presupuestoypatrimonio.umh.es\/ca\/wp-json\/wp\/v2\/pages\/16702\/revisions"}],"up":[{"embeddable":true,"href":"https:\/\/presupuestoypatrimonio.umh.es\/ca\/wp-json\/wp\/v2\/pages\/13689"}],"wp:attachment":[{"href":"https:\/\/presupuestoypatrimonio.umh.es\/ca\/wp-json\/wp\/v2\/media?parent=16702"}],"curies":[{"name":"wp","href":"https:\/\/api.w.org\/{rel}","templated":true}]}}