{"id":16956,"date":"2022-11-16T09:48:17","date_gmt":"2022-11-16T08:48:17","guid":{"rendered":"https:\/\/presupuestoypatrimonio.umh.es\/?page_id=16956"},"modified":"2022-11-16T09:59:51","modified_gmt":"2022-11-16T08:59:51","slug":"ayudas-internas-plazos-de-ejecucion-plazo-de-imputacion-y-plazo-de-justificacion","status":"publish","type":"page","link":"https:\/\/presupuestoypatrimonio.umh.es\/ca\/presupuestos-2\/gestion\/gestion-presupuesto-capitulo-ii\/ayudas-internas-plazos-de-ejecucion-plazo-de-imputacion-y-plazo-de-justificacion\/","title":{"rendered":"<span lang=\"es\">(Espa\u00f1ol) Ayudas Internas: Plazos de Ejecuci\u00f3n, Imputaci\u00f3n y Justificaci\u00f3n<\/span>"},"content":{"rendered":"<p class=\"qtranxs-available-languages-message qtranxs-available-languages-message-ca\">Ho sentim, aquesta entrada es troba disponible \u00fanicament en <a href=\"https:\/\/presupuestoypatrimonio.umh.es\/es\/wp-json\/wp\/v2\/pages\/16956\" class=\"qtranxs-available-language-link qtranxs-available-language-link-es\" title=\"Espa\u00f1ol\">Espanyol Europeu<\/a>.<\/p>","protected":false},"excerpt":{"rendered":"<p>Ho sentim, aquesta entrada es troba disponible \u00fanicament en Espanyol Europeu.<\/p>\n","protected":false},"author":126,"featured_media":0,"parent":10190,"menu_order":0,"comment_status":"closed","ping_status":"closed","template":"","meta":{"_links_to":"","_links_to_target":""},"_links":{"self":[{"href":"https:\/\/presupuestoypatrimonio.umh.es\/ca\/wp-json\/wp\/v2\/pages\/16956"}],"collection":[{"href":"https:\/\/presupuestoypatrimonio.umh.es\/ca\/wp-json\/wp\/v2\/pages"}],"about":[{"href":"https:\/\/presupuestoypatrimonio.umh.es\/ca\/wp-json\/wp\/v2\/types\/page"}],"author":[{"embeddable":true,"href":"https:\/\/presupuestoypatrimonio.umh.es\/ca\/wp-json\/wp\/v2\/users\/126"}],"replies":[{"embeddable":true,"href":"https:\/\/presupuestoypatrimonio.umh.es\/ca\/wp-json\/wp\/v2\/comments?post=16956"}],"version-history":[{"count":0,"href":"https:\/\/presupuestoypatrimonio.umh.es\/ca\/wp-json\/wp\/v2\/pages\/16956\/revisions"}],"up":[{"embeddable":true,"href":"https:\/\/presupuestoypatrimonio.umh.es\/ca\/wp-json\/wp\/v2\/pages\/10190"}],"wp:attachment":[{"href":"https:\/\/presupuestoypatrimonio.umh.es\/ca\/wp-json\/wp\/v2\/media?parent=16956"}],"curies":[{"name":"wp","href":"https:\/\/api.w.org\/{rel}","templated":true}]}}