{"id":3525,"date":"2016-02-16T11:37:10","date_gmt":"2016-02-16T11:37:10","guid":{"rendered":"http:\/\/presupuestoypatrimonio.umh.es\/?page_id=3525"},"modified":"2022-06-22T14:27:09","modified_gmt":"2022-06-22T12:27:09","slug":"traslados","status":"publish","type":"page","link":"https:\/\/presupuestoypatrimonio.umh.es\/ca\/patrimonio-e-inventario\/modelos\/traslados\/","title":{"rendered":"<span lang=\"es\">(Espa\u00f1ol) Traslados<\/span>"},"content":{"rendered":"<p><strong>Traslado de bienes:<\/strong> Proceso mediante el que un bien inventariado cambia de ubicaci\u00f3n f\u00edsica. Cuando deba realizarse fuera de los recintos de la UMH, para su uso por el personal de la misma dentro de sus funciones, y si el valor es inferior a 3.000,00 euros, el traslado deber\u00e1 ser autorizado por el responsable de la Unidad a la que pertenezca. Si el valor fuera superior o igual a esta cantidad, requerir\u00e1 el V\u00ba B\u00ba del Gerente. Cuando el activo vuelva a la Universidad, el responsable de la unidad usuaria del activo deber\u00e1 comunicar al Servicio de Gesti\u00f3n Presupuestaria y Patrimonial dicha circunstancia as\u00ed como su nueva ubicaci\u00f3n, a efectos de que quede recogida en el Inventario.<\/p>\n<ul>\n<li><a href=\"https:\/\/presupuestoypatrimonio.umh.es\/files\/2021\/09\/AUTORIZACI\u00d3N-DE-TRASLADO-FUERA-DE-LA-UMH.pdf\" target=\"_blank\" rel=\"noopener noreferrer\">AUTORIZACI\u00d3N TRASLADO FUERA DE RECINTOS UNIVERSITARIOS( PDF) <\/a><a href=\"https:\/\/presupuestoypatrimonio.umh.es\/files\/2023\/09\/ICONO-abre-en-nueva-ventana.png\"><img loading=\"lazy\" class=\"alignnone size-full wp-image-16022\" src=\"https:\/\/presupuestoypatrimonio.umh.es\/files\/2023\/09\/ICONO-abre-en-nueva-ventana.png\" alt=\"\" width=\"15\" height=\"15\" \/><\/a><a href=\"https:\/\/presupuestoypatrimonio.umh.es\/files\/2021\/09\/AUTORIZACI\u00d3N-DE-TRASLADO-FUERA-DE-LA-UMH.pdf\" target=\"_blank\" rel=\"noopener noreferrer\">https:\/\/presupuestoypatrimonio.umh.es\/files\/2021\/09\/AUTORIZACI\u00d3N-DE-TRASLADO-FUERA-DE-LA-UMH.pdf<\/a><\/li>\n<\/ul>\n<p><\/p>","protected":false},"excerpt":{"rendered":"<p>Traslado de bienes: Proceso mediante el que un bien inventariado cambia de ubicaci\u00f3n f\u00edsica. Cuando deba realizarse fuera de los recintos de la UMH, para su uso por el personal de la misma dentro de sus funciones, y si el valor es inferior a 3.000,00 euros, el traslado deber\u00e1 ser autorizado por el responsable de [&#8230;]<\/p>\n","protected":false},"author":465,"featured_media":0,"parent":3059,"menu_order":2,"comment_status":"closed","ping_status":"open","template":"","meta":{"_links_to":"","_links_to_target":""},"_links":{"self":[{"href":"https:\/\/presupuestoypatrimonio.umh.es\/ca\/wp-json\/wp\/v2\/pages\/3525"}],"collection":[{"href":"https:\/\/presupuestoypatrimonio.umh.es\/ca\/wp-json\/wp\/v2\/pages"}],"about":[{"href":"https:\/\/presupuestoypatrimonio.umh.es\/ca\/wp-json\/wp\/v2\/types\/page"}],"author":[{"embeddable":true,"href":"https:\/\/presupuestoypatrimonio.umh.es\/ca\/wp-json\/wp\/v2\/users\/465"}],"replies":[{"embeddable":true,"href":"https:\/\/presupuestoypatrimonio.umh.es\/ca\/wp-json\/wp\/v2\/comments?post=3525"}],"version-history":[{"count":0,"href":"https:\/\/presupuestoypatrimonio.umh.es\/ca\/wp-json\/wp\/v2\/pages\/3525\/revisions"}],"up":[{"embeddable":true,"href":"https:\/\/presupuestoypatrimonio.umh.es\/ca\/wp-json\/wp\/v2\/pages\/3059"}],"wp:attachment":[{"href":"https:\/\/presupuestoypatrimonio.umh.es\/ca\/wp-json\/wp\/v2\/media?parent=3525"}],"curies":[{"name":"wp","href":"https:\/\/api.w.org\/{rel}","templated":true}]}}