{"id":12036,"date":"2021-01-12T13:46:27","date_gmt":"2021-01-12T12:46:27","guid":{"rendered":"https:\/\/presupuestoypatrimonio.umh.es\/?page_id=12036"},"modified":"2024-01-08T09:42:06","modified_gmt":"2024-01-08T08:42:06","slug":"presupuesto-2021","status":"publish","type":"page","link":"https:\/\/presupuestoypatrimonio.umh.es\/en\/presupuestos-2\/aprobacion\/presupuesto-2021\/","title":{"rendered":"<span lang=\"es\">(Espa\u00f1ol) Presupuesto 2021<\/span>"},"content":{"rendered":"<p>Aprobado por el Consejo Social en su sesi\u00f3n del 17 de Diciembre de 2020, se facilita a continuaci\u00f3n los documentos que forman parte del Presupuesto de 2021:<\/p>\n<ol>\n<li>Estado de Gastos<strong>:<\/strong>\n<ul>\n<li>Por Unidad Org\u00e1nica: <a href=\"https:\/\/presupuestoypatrimonio.umh.es\/files\/2021\/02\/1A-Estado-de-Gastos-por-Org\u00e1nica.pdf\" target=\"_blank\" rel=\"noopener\">Estado de Gastos Por Unidad Org\u00e1nica(PDF)<img loading=\"lazy\" class=\"alignnone size-full wp-image-16022\" src=\"https:\/\/presupuestoypatrimonio.umh.es\/files\/2023\/09\/ICONO-abre-en-nueva-ventana.png\" alt=\"abre en nueva ventana\" width=\"15\" height=\"15\" \/><\/a><\/li>\n<li>Por Cap\u00edtulo: <a href=\"https:\/\/presupuestoypatrimonio.umh.es\/files\/2021\/02\/1B-Estado-de-Gastos-por-Cap\u00edtulo.pdf\" target=\"_blank\" rel=\"noopener\">Estado de Gastos Por Cap\u00edtulos(PDF)<img loading=\"lazy\" class=\"alignnone size-full wp-image-16022\" src=\"https:\/\/presupuestoypatrimonio.umh.es\/files\/2023\/09\/ICONO-abre-en-nueva-ventana.png\" alt=\"abre en nueva ventana\" width=\"15\" height=\"15\" \/><\/a><\/li>\n<\/ul>\n<\/li>\n<li><a href=\"https:\/\/presupuestoypatrimonio.umh.es\/files\/2020\/12\/2-Estado-de-Ingresos.pdf\" target=\"_blank\" rel=\"noopener\">Estado de Ingresos(PDF)<img loading=\"lazy\" class=\"alignnone size-full wp-image-16022\" src=\"https:\/\/presupuestoypatrimonio.umh.es\/files\/2023\/09\/ICONO-abre-en-nueva-ventana.png\" alt=\"abre en nueva ventana\" width=\"15\" height=\"15\" \/><\/a><\/li>\n<li>Normas de Elaboraci\u00f3n y Funcionamiento:\n<ol>\n<li><a href=\"https:\/\/presupuestoypatrimonio.umh.es\/files\/2021\/02\/TOMO-1_final-1.pdf\" target=\"_blank\" rel=\"noopener\">Tomo I: Estados de Ingresos y Gastos(PDF)<img loading=\"lazy\" class=\"alignnone size-full wp-image-16022\" src=\"https:\/\/presupuestoypatrimonio.umh.es\/files\/2023\/09\/ICONO-abre-en-nueva-ventana.png\" alt=\"abre en nueva ventana\" width=\"15\" height=\"15\" \/><\/a><\/li>\n<li><a href=\"https:\/\/presupuestoypatrimonio.umh.es\/files\/2021\/09\/TOMO-II.pdf\" target=\"_blank\" rel=\"noopener\">Tomo II: Normas de Ejecuci\u00f3n y Funcionamiento(PDF)<img loading=\"lazy\" class=\"alignnone size-full wp-image-16022\" src=\"https:\/\/presupuestoypatrimonio.umh.es\/files\/2023\/09\/ICONO-abre-en-nueva-ventana.png\" alt=\"abre en nueva ventana\" width=\"15\" height=\"15\" \/> <\/a><em>(Actualizaci\u00f3n seg\u00fan acuerdo sesi\u00f3n ordinaria del Pleno del Consejo Social de fecha 28\/06\/2021)<\/em><\/li>\n<li><a href=\"https:\/\/presupuestoypatrimonio.umh.es\/files\/2021\/12\/TOMO-III-Formato-Portadas.pdf\" target=\"_blank\" rel=\"noopener\">Tomo III: Tasas y Precios P\u00fablicos(PDF)<img loading=\"lazy\" class=\"alignnone size-full wp-image-16022\" src=\"https:\/\/presupuestoypatrimonio.umh.es\/files\/2023\/09\/ICONO-abre-en-nueva-ventana.png\" alt=\"abre en nueva ventana\" width=\"15\" height=\"15\" \/> <\/a><em>(Actualizaci\u00f3n seg\u00fan acuerdo sesi\u00f3n ordinaria de la Comisi\u00f3n Econ\u00f3mica del Consejo Social de fecha 28\/07<\/em><em>\/2021)<\/em>\n<ol>\n<li><a href=\"https:\/\/presupuestoypatrimonio.umh.es\/presupuestos-2\/anexo-t-xxii-precios-publicos-por-gestion-de-actividades-formativas-de-la-umh\/\" target=\"_blank\" rel=\"noopener\">Anexo T-XXII Precios p\u00fablicos por gesti\u00f3n de actividades formativas de la UMH <img loading=\"lazy\" class=\"alignnone size-full wp-image-16022\" src=\"https:\/\/presupuestoypatrimonio.umh.es\/files\/2023\/09\/ICONO-abre-en-nueva-ventana.png\" alt=\"abre en nueva ventana\" width=\"15\" height=\"15\" \/><\/a><\/li>\n<\/ol>\n<\/li>\n<\/ol>\n<\/li>\n<li><a href=\"https:\/\/presupuestoypatrimonio.umh.es\/files\/2021\/01\/EXPTES-DE-GESTI\u00d3N-CENTRALIZADA-2021.pdf\" target=\"_blank\" rel=\"noopener\">Expedientes de Gesti\u00f3n Econ\u00f3mica (Personal, Tel\u00e9fono, Acuerdos Marcos, Consumo Telef\u00f3nico, etc)(PDF)<img loading=\"lazy\" class=\"alignnone size-full wp-image-16022\" src=\"https:\/\/presupuestoypatrimonio.umh.es\/files\/2023\/09\/ICONO-abre-en-nueva-ventana.png\" alt=\"abre en nueva ventana\" width=\"15\" height=\"15\" \/><\/a><\/li>\n<li>Plan Estrat\u00e9gico de Subvenciones\n<ol>\n<li><a href=\"https:\/\/presupuestoypatrimonio.umh.es\/files\/2020\/12\/5-Plan-Estrat\u00e9gico-de-Subvenciones-2021-PES.pdf\" target=\"_blank\" rel=\"noopener\">Inicial, aprobado junto al Presupuesto 2021:ACSUMH 2020\/753, aprobado en sesi\u00f3n ordinaria del Pleno del Consejo Social de fecha 17\/12\/2020(PDF)<img loading=\"lazy\" class=\"alignnone size-full wp-image-16022\" src=\"https:\/\/presupuestoypatrimonio.umh.es\/files\/2023\/09\/ICONO-abre-en-nueva-ventana.png\" alt=\"abre en nueva ventana\" width=\"15\" height=\"15\" \/>.<\/a><\/li>\n<li><a href=\"https:\/\/presupuestoypatrimonio.umh.es\/files\/2021\/11\/PES-2021_COSO-20210427.pdf\" target=\"_blank\" rel=\"noopener\">Modificaci\u00f3n: ACSUMH 2021\/764, aprobado en sesi\u00f3n ordinaria del Pleno del Consejo Social de fecha 27\/04\/2021.(PDF)<img loading=\"lazy\" class=\"alignnone size-full wp-image-16022\" src=\"https:\/\/presupuestoypatrimonio.umh.es\/files\/2023\/09\/ICONO-abre-en-nueva-ventana.png\" alt=\"abre en nueva ventana\" width=\"15\" height=\"15\" \/><\/a><\/li>\n<li><a href=\"https:\/\/presupuestoypatrimonio.umh.es\/files\/2021\/11\/PES-2021_COSO-20210628.pdf\" target=\"_blank\" rel=\"noopener\">Modificaci\u00f3n: ACSUMH 2021\/774, aprobado en sesi\u00f3n ordinaria del Pleno del Consejo Social de fecha 28\/06\/2021.(PDF)<img loading=\"lazy\" class=\"alignnone size-full wp-image-16022\" src=\"https:\/\/presupuestoypatrimonio.umh.es\/files\/2023\/09\/ICONO-abre-en-nueva-ventana.png\" alt=\"abre en nueva ventana\" width=\"15\" height=\"15\" \/><\/a><\/li>\n<li><a href=\"https:\/\/presupuestoypatrimonio.umh.es\/files\/2021\/11\/PES-2021_COSO-20211014.pdf\" target=\"_blank\" rel=\"noopener\">Modificaci\u00f3n: ACSUMH 2021\/789, aprobado en sesi\u00f3n ordinaria del Pleno del Consejo Social de fecha 14\/10\/2021.(PDF)<img loading=\"lazy\" class=\"alignnone size-full wp-image-16022\" src=\"https:\/\/presupuestoypatrimonio.umh.es\/files\/2023\/09\/ICONO-abre-en-nueva-ventana.png\" alt=\"abre en nueva ventana\" width=\"15\" height=\"15\" \/><\/a><\/li>\n<li><a href=\"https:\/\/presupuestoypatrimonio.umh.es\/files\/2021\/11\/PES-2021_COSO-20211103.pdf\" target=\"_blank\" rel=\"noopener\">Modificaci\u00f3n: Informe de la Comisi\u00f3n de Asuntos Econ\u00f3micos del Consejo Social de fecha 03\/11\/2021.(PDF)<img loading=\"lazy\" class=\"alignnone size-full wp-image-16022\" src=\"https:\/\/presupuestoypatrimonio.umh.es\/files\/2023\/09\/ICONO-abre-en-nueva-ventana.png\" alt=\"abre en nueva ventana\" width=\"15\" height=\"15\" \/><\/a><\/li>\n<\/ol>\n<\/li>\n<li><a href=\"https:\/\/presupuestoypatrimonio.umh.es\/files\/2020\/12\/7-Plan-Plurianual-de-Gesti\u00f3n-de-Cr\u00e9ditos-Integrales-Cap\u00edtulo-II-IV-y-VI-2021-24.pdf\" target=\"_blank\" rel=\"noopener\">Plan Plurianual de Gesti\u00f3n de Cr\u00e9ditos Integrales (Cap\u00edtulo II, IV y VI) 2021-24(PDF)<img loading=\"lazy\" class=\"alignnone size-full wp-image-16022\" src=\"https:\/\/presupuestoypatrimonio.umh.es\/files\/2023\/09\/ICONO-abre-en-nueva-ventana.png\" alt=\"abre en nueva ventana\" width=\"15\" height=\"15\" \/><\/a><\/li>\n<li>Plan Plurianual de Inversiones (cap\u00edtulo VI) 2021-2024:\n<ol>\n<li><a href=\"https:\/\/presupuestoypatrimonio.umh.es\/files\/2021\/04\/comparativa-Plan-Estrat\u00e9gico-VI-2021-DEFINITIVO.pdf\" target=\"_blank\" rel=\"noopener\">Inicial, aprobado junto al Presupuesto 2021: ACSUMH 2020\/753, aprobado en sesi\u00f3n ordinaria del Pleno del Consejo Social de fecha 17\/12\/2020.(PDF)<img loading=\"lazy\" class=\"alignnone size-full wp-image-16022\" src=\"https:\/\/presupuestoypatrimonio.umh.es\/files\/2023\/09\/ICONO-abre-en-nueva-ventana.png\" alt=\"abre en nueva ventana\" width=\"15\" height=\"15\" \/><\/a><\/li>\n<li><a href=\"https:\/\/presupuestoypatrimonio.umh.es\/files\/2021\/07\/Plan-Estrat\u00e9gico-VI-2021-Actualizado-con-1\u00aa-Modificaci\u00f3n.pdf\" target=\"_blank\" rel=\"noopener\">Modificaci\u00f3n: ACSUMH 2021\/777 , aprobado en sesi\u00f3n ordinaria del Pleno del Consejo Social de fecha 28\/06\/2021.(PDF)<img loading=\"lazy\" class=\"alignnone size-full wp-image-16022\" src=\"https:\/\/presupuestoypatrimonio.umh.es\/files\/2023\/09\/ICONO-abre-en-nueva-ventana.png\" alt=\"abre en nueva ventana\" width=\"15\" height=\"15\" \/><\/a><\/li>\n<li><a href=\"https:\/\/presupuestoypatrimonio.umh.es\/files\/2021\/10\/PPI-3\u00aa-Modificaci\u00f3n-SEPTIEMBREdef.pdf\" target=\"_blank\" rel=\"noopener\">Modificaci\u00f3n: ACSUMH 2021\/791, aprobado en sesi\u00f3n ordinaria del Pleno del Consejo Social de fecha 14\/10\/2021.(PDF)<img loading=\"lazy\" class=\"alignnone size-full wp-image-16022\" src=\"https:\/\/presupuestoypatrimonio.umh.es\/files\/2023\/09\/ICONO-abre-en-nueva-ventana.png\" alt=\"abre en nueva ventana\" width=\"15\" height=\"15\" \/><\/a><\/li>\n<li><a href=\"https:\/\/presupuestoypatrimonio.umh.es\/files\/2022\/01\/PPI-6a-Modificacion-NOVIEMBRE.pdf\" target=\"_blank\" rel=\"noopener\">Modificaci\u00f3n: ACSUMH 2021\/801, aprobado en sesi\u00f3n ordinaria del Pleno del Consejo Social de fecha 20\/12\/2021.(PDF)<img loading=\"lazy\" class=\"alignnone size-full wp-image-16022\" src=\"https:\/\/presupuestoypatrimonio.umh.es\/files\/2023\/09\/ICONO-abre-en-nueva-ventana.png\" alt=\"abre en nueva ventana\" width=\"15\" height=\"15\" \/><\/a><\/li>\n<\/ol>\n<\/li>\n<li><a href=\"https:\/\/presupuestoypatrimonio.umh.es\/files\/2020\/12\/8-Plan-Estrat\u00e9gico-ODS-2021.pdf\" target=\"_blank\" rel=\"noopener\">Plan Estrat\u00e9gico ODS(PDF)<img loading=\"lazy\" class=\"alignnone size-full wp-image-16022\" src=\"https:\/\/presupuestoypatrimonio.umh.es\/files\/2023\/09\/ICONO-abre-en-nueva-ventana.png\" alt=\"abre en nueva ventana\" width=\"15\" height=\"15\" \/><\/a><\/li>\n<li><a href=\"https:\/\/presupuestoypatrimonio.umh.es\/files\/2020\/12\/3-Presupuesto-consolidado-UMH-FUMH.pdf\" target=\"_blank\" rel=\"noopener\">Presupuesto consolidado UMH-FUMH(PDF)<img loading=\"lazy\" class=\"alignnone size-full wp-image-16022\" src=\"https:\/\/presupuestoypatrimonio.umh.es\/files\/2023\/09\/ICONO-abre-en-nueva-ventana.png\" alt=\"abre en nueva ventana\" width=\"15\" height=\"15\" \/><\/a><\/li>\n<li>Delegaci\u00f3n de Competencias:\n<ol>\n<li><a href=\"https:\/\/presupuestoypatrimonio.umh.es\/files\/2021\/01\/RR_00120-2021.pdf\" target=\"_blank\" rel=\"noopener\">Inicial: RR N.\u00ba 120\/2021, de 22\/01\/2021(PDF)<img loading=\"lazy\" class=\"alignnone size-full wp-image-16022\" src=\"https:\/\/presupuestoypatrimonio.umh.es\/files\/2023\/09\/ICONO-abre-en-nueva-ventana.png\" alt=\"abre en nueva ventana\" width=\"15\" height=\"15\" \/><\/a><\/li>\n<li><a href=\"https:\/\/presupuestoypatrimonio.umh.es\/files\/2021\/03\/RR-00581-2021.-Firmada.pdf\" target=\"_blank\" rel=\"noopener\">Modificaci\u00f3n: RR N.\u00ba 581\/2021, de 17\/03\/2021(PDF)<img loading=\"lazy\" class=\"alignnone size-full wp-image-16022\" src=\"https:\/\/presupuestoypatrimonio.umh.es\/files\/2023\/09\/ICONO-abre-en-nueva-ventana.png\" alt=\"abre en nueva ventana\" width=\"15\" height=\"15\" \/><\/a><\/li>\n<li><a href=\"https:\/\/presupuestoypatrimonio.umh.es\/files\/2021\/10\/Resoluci\u00f3n-Rectoral-04570_2021.pdf\" target=\"_blank\" rel=\"noopener\">Modificaci\u00f3n: RR N.\u00ba 4570\/2021, de 27\/10\/2021(PDF)<img loading=\"lazy\" class=\"alignnone size-full wp-image-16022\" src=\"https:\/\/presupuestoypatrimonio.umh.es\/files\/2023\/09\/ICONO-abre-en-nueva-ventana.png\" alt=\"abre en nueva ventana\" width=\"15\" height=\"15\" \/><\/a><\/li>\n<\/ol>\n<\/li>\n<li><a href=\"https:\/\/www.dogv.gva.es\/datos\/2021\/01\/19\/pdf\/2021_303.pdf\" target=\"_blank\" rel=\"noopener\">Publicaci\u00f3n en el DOCV(PDF)<img loading=\"lazy\" class=\"alignnone size-full wp-image-16022\" src=\"https:\/\/presupuestoypatrimonio.umh.es\/files\/2023\/09\/ICONO-abre-en-nueva-ventana.png\" alt=\"abre en nueva ventana\" width=\"15\" height=\"15\" \/><\/a><\/li>\n<li><a href=\"https:\/\/innovacionumh.es\/presupuestos\/2021\/\" target=\"_blank\" rel=\"noopener\">E-Presupuesto<img loading=\"lazy\" class=\"alignnone size-full wp-image-16022\" src=\"https:\/\/presupuestoypatrimonio.umh.es\/files\/2023\/09\/ICONO-abre-en-nueva-ventana.png\" alt=\"\" width=\"15\" height=\"15\" \/><\/a><\/li>\n<li><a href=\"https:\/\/presupuestoypatrimonio.umh.es\/files\/2021\/01\/Gu\u00eda-Novedades-Normas-de-Ejecuci\u00f3n-y-Funcionamiento-Presupuesto-2021-DEFINITIVO.pdf\">Gu\u00eda-Novedades-Normas-de-Ejecuci\u00f3n-y-Funcionamiento-Presupuesto-2021(PDF)<img loading=\"lazy\" class=\"alignnone size-full wp-image-16022\" src=\"https:\/\/presupuestoypatrimonio.umh.es\/files\/2023\/09\/ICONO-abre-en-nueva-ventana.png\" alt=\"\" width=\"15\" height=\"15\" \/>\u00a0<\/a><\/li>\n<li><strong>Fecha Sesi\u00f3n Online de Exposici\u00f3n de las Novedades del presupuesto 2021:<\/strong>\n<ul>\n<li><strong><span style=\"color: #3366ff\">Lunes 25\/01\/2021, de 09:30 a 12:00 h.<\/span><\/strong>\n<ul>\n<li><a href=\"https:\/\/youtu.be\/ZCidwzZg-as\" target=\"_blank\" rel=\"noopener\">Jornada de presentaci\u00f3n: Novedades del Presupuesto 2021<img loading=\"lazy\" class=\"alignnone size-full wp-image-16022\" src=\"https:\/\/presupuestoypatrimonio.umh.es\/files\/2023\/09\/ICONO-abre-en-nueva-ventana.png\" alt=\"\" width=\"15\" height=\"15\" \/><\/a><\/li>\n<\/ul>\n<\/li>\n<\/ul>\n<\/li>\n<\/ol>\n<p><\/p>","protected":false},"excerpt":{"rendered":"<p>Aprobado por el Consejo Social en su sesi\u00f3n del 17 de Diciembre de 2020, se facilita a continuaci\u00f3n los documentos que forman parte del Presupuesto de 2021:<\/p>\n<p>Estado de Gastos:<\/p>\n<p>Por Unidad Org\u00e1nica: Estado de Gastos Por Unidad Org\u00e1nica(PDF)<br \/>\nPor Cap\u00edtulo: Estado de Gastos Por Cap\u00edtulos(PDF)<\/p>\n<p>Estado de Ingresos(PDF)<br \/>\nNormas de Elaboraci\u00f3n y Funcionamiento:<\/p>\n<p>Tomo I: Estados de Ingresos y Gastos(PDF)<br \/>\nTomo [&#8230;]<\/p>\n","protected":false},"author":318,"featured_media":0,"parent":31,"menu_order":1,"comment_status":"closed","ping_status":"closed","template":"","meta":{"_links_to":"","_links_to_target":""},"_links":{"self":[{"href":"https:\/\/presupuestoypatrimonio.umh.es\/en\/wp-json\/wp\/v2\/pages\/12036"}],"collection":[{"href":"https:\/\/presupuestoypatrimonio.umh.es\/en\/wp-json\/wp\/v2\/pages"}],"about":[{"href":"https:\/\/presupuestoypatrimonio.umh.es\/en\/wp-json\/wp\/v2\/types\/page"}],"author":[{"embeddable":true,"href":"https:\/\/presupuestoypatrimonio.umh.es\/en\/wp-json\/wp\/v2\/users\/318"}],"replies":[{"embeddable":true,"href":"https:\/\/presupuestoypatrimonio.umh.es\/en\/wp-json\/wp\/v2\/comments?post=12036"}],"version-history":[{"count":0,"href":"https:\/\/presupuestoypatrimonio.umh.es\/en\/wp-json\/wp\/v2\/pages\/12036\/revisions"}],"up":[{"embeddable":true,"href":"https:\/\/presupuestoypatrimonio.umh.es\/en\/wp-json\/wp\/v2\/pages\/31"}],"wp:attachment":[{"href":"https:\/\/presupuestoypatrimonio.umh.es\/en\/wp-json\/wp\/v2\/media?parent=12036"}],"curies":[{"name":"wp","href":"https:\/\/api.w.org\/{rel}","templated":true}]}}