{"id":13214,"date":"2021-04-23T11:04:51","date_gmt":"2021-04-23T09:04:51","guid":{"rendered":"https:\/\/presupuestoypatrimonio.umh.es\/?page_id=13214"},"modified":"2021-04-23T12:59:26","modified_gmt":"2021-04-23T10:59:26","slug":"incorporacion-de-remanentes-de-credito","status":"publish","type":"page","link":"https:\/\/presupuestoypatrimonio.umh.es\/en\/incorporacion-de-remanentes-de-credito\/","title":{"rendered":"<span lang=\"es\">(Espa\u00f1ol) Incorporaci\u00f3n de Remanentes de Cr\u00e9dito<\/span>"},"content":{"rendered":"","protected":true},"excerpt":{"rendered":"","protected":true},"author":11,"featured_media":0,"parent":0,"menu_order":0,"comment_status":"closed","ping_status":"closed","template":"","meta":{"_links_to":"","_links_to_target":""},"_links":{"self":[{"href":"https:\/\/presupuestoypatrimonio.umh.es\/en\/wp-json\/wp\/v2\/pages\/13214"}],"collection":[{"href":"https:\/\/presupuestoypatrimonio.umh.es\/en\/wp-json\/wp\/v2\/pages"}],"about":[{"href":"https:\/\/presupuestoypatrimonio.umh.es\/en\/wp-json\/wp\/v2\/types\/page"}],"author":[{"embeddable":true,"href":"https:\/\/presupuestoypatrimonio.umh.es\/en\/wp-json\/wp\/v2\/users\/11"}],"replies":[{"embeddable":true,"href":"https:\/\/presupuestoypatrimonio.umh.es\/en\/wp-json\/wp\/v2\/comments?post=13214"}],"version-history":[{"count":0,"href":"https:\/\/presupuestoypatrimonio.umh.es\/en\/wp-json\/wp\/v2\/pages\/13214\/revisions"}],"wp:attachment":[{"href":"https:\/\/presupuestoypatrimonio.umh.es\/en\/wp-json\/wp\/v2\/media?parent=13214"}],"curies":[{"name":"wp","href":"https:\/\/api.w.org\/{rel}","templated":true}]}}