{"id":1407,"date":"2012-05-02T12:04:43","date_gmt":"2012-05-02T12:04:43","guid":{"rendered":"http:\/\/sicgfyp.umh.es\/informacion-contable\/normativa-de-gestion\/circulares-de-cierre-y-apertura-del-ejercicio\/apertura-ejercicio-2011\/"},"modified":"2012-05-02T12:04:43","modified_gmt":"2012-05-02T12:04:43","slug":"apertura-ejercicio-2011","status":"publish","type":"page","link":"https:\/\/presupuestoypatrimonio.umh.es\/en\/circulares-de-cierre-y-apertura-del-ejercicio\/apertura-ejercicio-2011\/","title":{"rendered":"Apertura Ejercicio 2011"},"content":{"rendered":"<p><\/p>\n<p>p\n<\/p>\n<\/p>\n<p>\u00b7       Se admitir\u00e1 la permanencia en un mismo servicio o unidad, por per\u00edodos m\u00e1ximos anuales de 9 meses, previa justificaci\u00f3n de los objetivos.<\/p>\n<\/p>\n<p><\/p>","protected":false},"excerpt":{"rendered":"<p>p<\/p>\n<p>\u00b7       Se admitir\u00e1 la permanencia en un mismo servicio o unidad, por per\u00edodos m\u00e1ximos anuales de 9 meses, previa justificaci\u00f3n de los objetivos.<\/p>\n","protected":false},"author":1,"featured_media":0,"parent":1397,"menu_order":0,"comment_status":"closed","ping_status":"open","template":"","meta":{"_links_to":"","_links_to_target":""},"_links":{"self":[{"href":"https:\/\/presupuestoypatrimonio.umh.es\/en\/wp-json\/wp\/v2\/pages\/1407"}],"collection":[{"href":"https:\/\/presupuestoypatrimonio.umh.es\/en\/wp-json\/wp\/v2\/pages"}],"about":[{"href":"https:\/\/presupuestoypatrimonio.umh.es\/en\/wp-json\/wp\/v2\/types\/page"}],"author":[{"embeddable":true,"href":"https:\/\/presupuestoypatrimonio.umh.es\/en\/wp-json\/wp\/v2\/users\/1"}],"replies":[{"embeddable":true,"href":"https:\/\/presupuestoypatrimonio.umh.es\/en\/wp-json\/wp\/v2\/comments?post=1407"}],"version-history":[{"count":0,"href":"https:\/\/presupuestoypatrimonio.umh.es\/en\/wp-json\/wp\/v2\/pages\/1407\/revisions"}],"up":[{"embeddable":true,"href":"https:\/\/presupuestoypatrimonio.umh.es\/en\/wp-json\/wp\/v2\/pages\/1397"}],"wp:attachment":[{"href":"https:\/\/presupuestoypatrimonio.umh.es\/en\/wp-json\/wp\/v2\/media?parent=1407"}],"curies":[{"name":"wp","href":"https:\/\/api.w.org\/{rel}","templated":true}]}}