{"id":14788,"date":"2021-12-23T10:56:58","date_gmt":"2021-12-23T09:56:58","guid":{"rendered":"https:\/\/presupuestoypatrimonio.umh.es\/?page_id=14788"},"modified":"2024-01-08T09:57:05","modified_gmt":"2024-01-08T08:57:05","slug":"presupuesto2022","status":"publish","type":"page","link":"https:\/\/presupuestoypatrimonio.umh.es\/en\/presupuestos-2\/aprobacion\/presupuesto2022\/","title":{"rendered":"<span lang=\"es\">(Espa\u00f1ol) Presupuesto 2022<\/span>"},"content":{"rendered":"<p><\/p>\n<div class=\"col\">\n<h2><\/h2>\n<h2 class=\"titulo-cuerpo\"><span style=\"font-size: 16px\">Aprobado por el Consejo Social en su sesi\u00f3n del 20 de Diciembre de 2021, se facilita a continuaci\u00f3n los documentos que forman parte del Presupuesto de 2022:<\/span><\/h2>\n<\/div>\n<div class=\"col\">\n<div class=\"text-cuerpo\">\n<ol>\n<li>Estado de Gastos<strong>:<\/strong>\n<ul>\n<li>Por Unidad Org\u00e1nica:\u00a0<a href=\"https:\/\/presupuestoypatrimonio.umh.es\/files\/2022\/01\/1A-Estado-de-Gastos-por-Organica.pdf\" target=\"_blank\" rel=\"noopener\">Estado de Gastos Por Unidad Org\u00e1nica (.PDF)<\/a><img loading=\"lazy\" class=\"alignnone wp-image-16022 size-full\" src=\"https:\/\/presupuestoypatrimonio.umh.es\/files\/2023\/09\/ICONO-abre-en-nueva-ventana.png\" alt=\"abre en nueva ventana\" width=\"15\" height=\"15\" \/><\/li>\n<li>Por Cap\u00edtulo:\u00a0<a href=\"https:\/\/presupuestoypatrimonio.umh.es\/files\/2022\/01\/1B-Estado-de-Gastos-por-Capitulo.pdf\" target=\"_blank\" rel=\"noopener\">Estado de Gastos Por Cap\u00edtulos (.PDF)<\/a><img loading=\"lazy\" class=\"alignnone wp-image-16022 size-full\" src=\"https:\/\/presupuestoypatrimonio.umh.es\/files\/2023\/09\/ICONO-abre-en-nueva-ventana.png\" alt=\"abre en nueva ventana\" width=\"15\" height=\"15\" \/><\/li>\n<\/ul>\n<\/li>\n<li><a href=\"https:\/\/presupuestoypatrimonio.umh.es\/files\/2021\/12\/2-Estado-de-Ingresos.pdf\" target=\"_blank\" rel=\"noopener\">Estado de Ingresos (.PDF)<\/a><img loading=\"lazy\" class=\"alignnone wp-image-16022 size-full\" src=\"https:\/\/presupuestoypatrimonio.umh.es\/files\/2023\/09\/ICONO-abre-en-nueva-ventana.png\" alt=\"abre en nueva ventana\" width=\"15\" height=\"15\" \/><\/li>\n<li>Normas de Elaboraci\u00f3n y Funcionamiento:\n<ol>\n<li>Tomo I:<a href=\"https:\/\/presupuestoypatrimonio.umh.es\/files\/2022\/05\/TOMO-I-3.pdf\" target=\"_blank\" rel=\"noopener\"> Estado de Ingresos y Gastos (.PDF)<\/a><img loading=\"lazy\" class=\"alignnone wp-image-16022 size-full\" src=\"https:\/\/presupuestoypatrimonio.umh.es\/files\/2023\/09\/ICONO-abre-en-nueva-ventana.png\" alt=\"abre en nueva ventana\" width=\"15\" height=\"15\" \/><\/li>\n<li>Tomo II: <a href=\"https:\/\/presupuestoypatrimonio.umh.es\/files\/2022\/09\/TOMO-II.-modif.-1.pdf\" target=\"_blank\" rel=\"noopener\">Normas de Ejecuci\u00f3n y Funcionamiento(.PDF)<\/a><img loading=\"lazy\" class=\"alignnone wp-image-16022 size-full\" src=\"https:\/\/presupuestoypatrimonio.umh.es\/files\/2023\/09\/ICONO-abre-en-nueva-ventana.png\" alt=\"abre en nueva ventana\" width=\"15\" height=\"15\" \/><\/li>\n<li>Tomo III: <a href=\"https:\/\/presupuestoypatrimonio.umh.es\/files\/2022\/06\/TOMO-III.-modif.-1.pdf\" target=\"_blank\" rel=\"noopener\">Tasas y Precios P\u00fablicos (.PDF)<\/a><img loading=\"lazy\" class=\"alignnone wp-image-16022 size-full\" src=\"https:\/\/presupuestoypatrimonio.umh.es\/files\/2023\/09\/ICONO-abre-en-nueva-ventana.png\" alt=\"abre en nueva ventana\" width=\"15\" height=\"15\" \/><\/li>\n<\/ol>\n<\/li>\n<li><a href=\"https:\/\/presupuestoypatrimonio.umh.es\/files\/2022\/10\/4-.-EXPTES-DE-GESTION-CENTRALIZADA-v4.pdf\" target=\"_blank\" rel=\"noopener\">Expedientes de Gesti\u00f3n Econ\u00f3mica (Personal, Correo, Acuerdos Marcos, Impresi\u00f3n, etc) (.PDF)<\/a><img loading=\"lazy\" class=\"alignnone wp-image-16022 size-full\" src=\"https:\/\/presupuestoypatrimonio.umh.es\/files\/2023\/09\/ICONO-abre-en-nueva-ventana.png\" alt=\"abre en nueva ventana\" width=\"15\" height=\"15\" \/><\/li>\n<li>Plan Estrat\u00e9gico de Subvenciones (BDNS)\n<ol>\n<li><a href=\"https:\/\/presupuestoypatrimonio.umh.es\/files\/2022\/01\/Plan-Estrategico-de-Subvenciones-2022-2024-V2.pdf\" target=\"_blank\" rel=\"noopener\">Inicial, aprobado junto al Presupuesto 2022: ACSUMH 2021\/801, aprobado en sesi\u00f3n ordinaria del Pleno del Consejo Social de fecha 20\/12\/2021.(PDF)<\/a><img loading=\"lazy\" class=\"alignnone wp-image-16022 size-full\" src=\"https:\/\/presupuestoypatrimonio.umh.es\/files\/2023\/09\/ICONO-abre-en-nueva-ventana.png\" alt=\"abre en nueva ventana\" width=\"15\" height=\"15\" \/><\/li>\n<li>1\u00aa Modificaci\u00f3n: <a href=\"https:\/\/presupuestoypatrimonio.umh.es\/files\/2022\/05\/2.-Febrero-COGO-2022_02.057.pdf\" target=\"_blank\" rel=\"noopener\">COGO2022\/02.057, aprobada por el Consejo de Gobierno en sesi\u00f3n ordinaria de 23\/02\/2022 y por el Pleno del Consejo Social de fecha 27\/04\/2022.(PDF)<\/a><img loading=\"lazy\" class=\"alignnone wp-image-16022 size-full\" src=\"https:\/\/presupuestoypatrimonio.umh.es\/files\/2023\/09\/ICONO-abre-en-nueva-ventana.png\" alt=\"abre en nueva ventana\" width=\"15\" height=\"15\" \/><\/li>\n<li>2\u00aa Modificaci\u00f3n: <a href=\"https:\/\/presupuestoypatrimonio.umh.es\/files\/2022\/05\/3.-Marzo-COGO-2022_03.094.pdf\" target=\"_blank\" rel=\"noopener\">COGO2022\/03.094, aprobada por el Consejo de Gobierno en sesi\u00f3n ordinaria de 30\/03\/2022 y por el Pleno del Consejo Social de fecha 27\/04\/2022.(PDF)<\/a><img loading=\"lazy\" class=\"alignnone wp-image-16022 size-full\" src=\"https:\/\/presupuestoypatrimonio.umh.es\/files\/2023\/09\/ICONO-abre-en-nueva-ventana.png\" alt=\"abre en nueva ventana\" width=\"15\" height=\"15\" \/><\/li>\n<li>3\u00aa Modificaci\u00f3n: <a href=\"https:\/\/presupuestoypatrimonio.umh.es\/files\/2022\/06\/3.-Mayo-COGO-2022_05.pdf\" target=\"_blank\" rel=\"noopener\">COGO2022\/06.145, aprobada por el Consejo de Gobierno en sesi\u00f3n ordinaria de 31\/05\/2022 y por el pleno del Consejo Social de fecha 20\/06\/2022.(PDF)<\/a><img loading=\"lazy\" class=\"alignnone wp-image-16022 size-full\" src=\"https:\/\/presupuestoypatrimonio.umh.es\/files\/2023\/09\/ICONO-abre-en-nueva-ventana.png\" alt=\"abre en nueva ventana\" width=\"15\" height=\"15\" \/><\/li>\n<li>4\u00aa Modificaci\u00f3n: COGO2022\/07.175 sin efectos en el Plan Estrat\u00e9gico (solamente informe de modificaciones presupuestarias)<\/li>\n<li>5\u00aa Modificaci\u00f3n: <a href=\"https:\/\/presupuestoypatrimonio.umh.es\/files\/2022\/07\/4.-Julio-COGO-2022_08.221.pdf\" target=\"_blank\" rel=\"noopener\">COGO2022\/08.211, aprobada por Consejo de Gobierno en sesi\u00f3n ordinaria de 20\/07\/2022 y por el pleno del Consejo Social de fecha 05\/10\/2022.(PDF)<\/a><a href=\"https:\/\/presupuestoypatrimonio.umh.es\/files\/2023\/09\/ICONO-abre-en-nueva-ventana.png\"><img loading=\"lazy\" class=\"alignnone size-full wp-image-16022\" src=\"https:\/\/presupuestoypatrimonio.umh.es\/files\/2023\/09\/ICONO-abre-en-nueva-ventana.png\" alt=\"abre en nueva ventana\" width=\"15\" height=\"15\" \/><\/a><\/li>\n<li>6\u00aa Modificaci\u00f3n: <a href=\"https:\/\/presupuestoypatrimonio.umh.es\/files\/2022\/11\/RCOGO-241-22-Not-acu.-modificacion-Plan-Estrategico-de-S-B-A-y-P.pdf\" target=\"_blank\" rel=\"noopener\">COGO2022\/09.241, aprobada por Consejo de Gobierno en sesi\u00f3n ordinaria de 28\/09\/2022 y por el pleno del Consejo Social de fecha 05\/10\/2022. (PDF)<img loading=\"lazy\" class=\"alignnone size-full wp-image-16022\" src=\"https:\/\/presupuestoypatrimonio.umh.es\/files\/2023\/09\/ICONO-abre-en-nueva-ventana.png\" alt=\"\" width=\"15\" height=\"15\" \/><\/a><\/li>\n<\/ol>\n<\/li>\n<li>Plan Plurianual de Inversiones (cap\u00edtulo VI) 2022-2025:\n<ol>\n<li><a href=\"https:\/\/presupuestoypatrimonio.umh.es\/files\/2021\/12\/7-Plan-Estrategico-VI-2022-2025.pdf\" target=\"_blank\" rel=\"noopener\">Inicial, aprobado junto al Presupuesto 2022: ACSUMH 2021\/801, aprobado en sesi\u00f3n ordinaria del Pleno del Consejo Social de fecha 20\/12\/2021.(.PDF)<\/a><img loading=\"lazy\" class=\"alignnone wp-image-16022 size-full\" src=\"https:\/\/presupuestoypatrimonio.umh.es\/files\/2023\/09\/ICONO-abre-en-nueva-ventana.png\" alt=\"abre en nueva ventana\" width=\"15\" height=\"15\" \/><\/li>\n<li>1\u00aa Modificaci\u00f3n: <a href=\"https:\/\/presupuestoypatrimonio.umh.es\/files\/2022\/04\/1a-MOD-PPI-Inicial-2022-2025-con-financiacion.pdf\" target=\"_blank\" rel=\"noopener\">COGO2022\/03.092, aprobada por Consejo de Gobierno en sesi\u00f3n ordinaria de 30\/03\/2022 y por el Pleno del Consejo Social de fecha 27\/04\/2022. (.PDF)<\/a><img loading=\"lazy\" class=\"alignnone wp-image-16022 size-full\" src=\"https:\/\/presupuestoypatrimonio.umh.es\/files\/2023\/09\/ICONO-abre-en-nueva-ventana.png\" alt=\"abre en nueva ventana\" width=\"15\" height=\"15\" \/><\/li>\n<li>2\u00aa Modificaci\u00f3n: <a href=\"https:\/\/presupuestoypatrimonio.umh.es\/files\/2022\/05\/2a-MOD-PPI-Inicial-2022-2025-con-financiacion-2.pdf\" target=\"_blank\" rel=\"noopener\">COGO2022\/04.112, aprobada por Consejo de Gobierno en sesi\u00f3n ordinaria de 12\/04\/2022 y por el Pleno del Consejo Social de fecha 27\/04\/2022.(.PDF)<\/a><img loading=\"lazy\" class=\"alignnone wp-image-16022 size-full\" src=\"https:\/\/presupuestoypatrimonio.umh.es\/files\/2023\/09\/ICONO-abre-en-nueva-ventana.png\" alt=\"abre en nueva ventana\" width=\"15\" height=\"15\" \/><\/li>\n<li>3\u00aa Modificaci\u00f3n: <a href=\"https:\/\/presupuestoypatrimonio.umh.es\/files\/2022\/09\/3a-MOD-PPI-Inicial-2022-2025-con-financiacion1.pdf\">COGO2022\/06.144, aprobada por Consejo de Gobierno en sesi\u00f3n ordinaria de 31\/05\/2022 y por el Pleno del Consejo Social de fecha 20\/06\/2022.(.PDF)<\/a><img loading=\"lazy\" class=\"alignnone wp-image-16022 size-full\" src=\"https:\/\/presupuestoypatrimonio.umh.es\/files\/2023\/09\/ICONO-abre-en-nueva-ventana.png\" alt=\"abre en nueva ventana\" width=\"15\" height=\"15\" \/><\/li>\n<li>4\u00aa Modificaci\u00f3n: <a href=\"https:\/\/presupuestoypatrimonio.umh.es\/files\/2022\/07\/4o-MOD-PPI-Inicial-2022-2025-con-financiacion-1.pdf\" target=\"_blank\" rel=\"noopener\">COGO2022\/08.212, aprobada por Consejo de Gobierno en sesi\u00f3n ordinaria de 20\/07\/2022 y por el Pleno del Consejo Social de fecha 05\/10\/2022 (.PDF)<\/a><img loading=\"lazy\" class=\"alignnone wp-image-16022 size-full\" src=\"https:\/\/presupuestoypatrimonio.umh.es\/files\/2023\/09\/ICONO-abre-en-nueva-ventana.png\" alt=\"abre en nueva ventana\" width=\"15\" height=\"15\" \/><\/li>\n<\/ol>\n<\/li>\n<li><a href=\"https:\/\/presupuestoypatrimonio.umh.es\/files\/2021\/12\/8-Plan-Estrategico-ODS-2022.pdf\" target=\"_blank\" rel=\"noopener\">Plan Estrat\u00e9gico ODS (.PDF)<\/a><img loading=\"lazy\" class=\"alignnone wp-image-16022 size-full\" src=\"https:\/\/presupuestoypatrimonio.umh.es\/files\/2023\/09\/ICONO-abre-en-nueva-ventana.png\" alt=\"abre en nueva ventana\" width=\"15\" height=\"15\" \/><\/li>\n<li><a href=\"https:\/\/presupuestoypatrimonio.umh.es\/files\/2021\/12\/9-Presupuesto-consolidado-UMH-FUMH.pdf\" target=\"_blank\" rel=\"noopener\">Presupuesto consolidado UMH-FUMH (.PDF)<\/a><img loading=\"lazy\" class=\"alignnone wp-image-16022 size-full\" src=\"https:\/\/presupuestoypatrimonio.umh.es\/files\/2023\/09\/ICONO-abre-en-nueva-ventana.png\" alt=\"abre en nueva ventana\" width=\"15\" height=\"15\" \/><\/li>\n<li>Delegaci\u00f3n de Competencias:\n<ol>\n<li><a href=\"https:\/\/presupuestoypatrimonio.umh.es\/files\/2022\/01\/Resolucion-Rectoral-00169_2022.pdf\" target=\"_blank\" rel=\"noopener\">Inicial: RR N.\u00ba 00169\/2022, de 21\/01\/2022. (.PDF)<\/a><img loading=\"lazy\" class=\"alignnone wp-image-16022 size-full\" src=\"https:\/\/presupuestoypatrimonio.umh.es\/files\/2023\/09\/ICONO-abre-en-nueva-ventana.png\" alt=\"abre en nueva ventana\" width=\"15\" height=\"15\" \/><\/li>\n<li><a href=\"https:\/\/presupuestoypatrimonio.umh.es\/files\/2022\/03\/Resolucion-Rectoral-00838_2022_Firmada.pdf\" target=\"_blank\" rel=\"noopener\">Modificaci\u00f3n: RR N.\u00ba 00838\/2022, de 11\/03\/2022.(.PDF)<\/a><img loading=\"lazy\" class=\"alignnone wp-image-16022 size-full\" src=\"https:\/\/presupuestoypatrimonio.umh.es\/files\/2023\/09\/ICONO-abre-en-nueva-ventana.png\" alt=\"abre en nueva ventana\" width=\"15\" height=\"15\" \/><\/li>\n<li><a href=\"https:\/\/presupuestoypatrimonio.umh.es\/files\/2022\/07\/Resolucion-Rectoral-01920_2022.pdf\" target=\"_blank\" rel=\"noopener\">Modificaci\u00f3n: RR N.\u00ba 01920\/2022, de 15\/07\/2022. (.PDF)<\/a><img loading=\"lazy\" class=\"alignnone wp-image-16022 size-full\" src=\"https:\/\/presupuestoypatrimonio.umh.es\/files\/2023\/09\/ICONO-abre-en-nueva-ventana.png\" alt=\"abre en nueva ventana\" width=\"15\" height=\"15\" \/><\/li>\n<\/ol>\n<\/li>\n<li><a href=\"https:\/\/presupuestoypatrimonio.umh.es\/files\/2022\/01\/2022_132.pdf\" target=\"_blank\" rel=\"noopener\">Publicaci\u00f3n en el DOGV (.PDF)<\/a><img loading=\"lazy\" class=\"alignnone wp-image-16022 size-full\" src=\"https:\/\/presupuestoypatrimonio.umh.es\/files\/2023\/09\/ICONO-abre-en-nueva-ventana.png\" alt=\"abre en nueva ventana\" width=\"15\" height=\"15\" \/><\/li>\n<li><a href=\"https:\/\/innovacionumh.es\/presupuestos\/2022\/\" target=\"_blank\" rel=\"noopener\">E-Presupuesto <\/a><img loading=\"lazy\" class=\"alignnone wp-image-16022 size-full\" src=\"https:\/\/presupuestoypatrimonio.umh.es\/files\/2023\/09\/ICONO-abre-en-nueva-ventana.png\" alt=\"abre en nueva ventana\" width=\"15\" height=\"15\" \/><\/li>\n<li><a href=\"https:\/\/presupuestoypatrimonio.umh.es\/files\/2022\/01\/Guia-Novedades-Normas-de-Ejecucion-y-Funcionamiento-Presupuesto-2022-web-4.pdf\" target=\"_blank\" rel=\"noopener\">Gu\u00eda-Novedades-Normas-de-Ejecuci\u00f3n-y-Funcionamiento-Presupuesto-2022 web (.PDF)<\/a><img loading=\"lazy\" class=\"alignnone wp-image-16022 size-full\" src=\"https:\/\/presupuestoypatrimonio.umh.es\/files\/2023\/09\/ICONO-abre-en-nueva-ventana.png\" alt=\"abre en nueva ventana\" width=\"15\" height=\"15\" \/><\/li>\n<li><a href=\"https:\/\/presupuestoypatrimonio.umh.es\/files\/2022\/01\/03-Planificacion-Incoporacion-Remanentes-3.pdf\">Planificaci\u00f3n de Incorporaci\u00f3n de Remanentes 2022.(.PDF)<\/a><img loading=\"lazy\" class=\"alignnone wp-image-16022 size-full\" src=\"https:\/\/presupuestoypatrimonio.umh.es\/files\/2023\/09\/ICONO-abre-en-nueva-ventana.png\" alt=\"abre en nueva ventana\" width=\"15\" height=\"15\" \/><\/li>\n<li><strong>Fecha Sesi\u00f3n Online de Exposici\u00f3n de las Novedades del presupuesto 2022:<\/strong>\n<ul>\n<li><strong>Mi\u00e9rcoles 26\/01\/2022, de 12:00 h. a 14:00h. a trav\u00e9s de la aplicaci\u00f3n de Google Meet: meet.google.com\/nej-dktp-hjg<\/strong>\n<ul>\n<li><a href=\"https:\/\/youtu.be\/W4L-Dp_6MZs\" target=\"_blank\" rel=\"noopener\">Video de la Jornada<\/a><img loading=\"lazy\" class=\"alignnone wp-image-16022 size-full\" src=\"https:\/\/presupuestoypatrimonio.umh.es\/files\/2023\/09\/ICONO-abre-en-nueva-ventana.png\" alt=\"abre en nueva ventana\" width=\"15\" height=\"15\" \/><\/li>\n<\/ul>\n<\/li>\n<\/ul>\n<\/li>\n<\/ol>\n<\/div>\n<\/div>\n<p><\/p>","protected":false},"excerpt":{"rendered":"<p>Aprobado por el Consejo Social en su sesi\u00f3n del 20 de Diciembre de 2021, se facilita a continuaci\u00f3n los documentos que forman parte del Presupuesto de 2022:<\/p>\n<p>Estado de Gastos:<\/p>\n<p>Por Unidad Org\u00e1nica:\u00a0Estado de Gastos Por Unidad Org\u00e1nica (.PDF)<br \/>\nPor Cap\u00edtulo:\u00a0Estado de Gastos Por Cap\u00edtulos (.PDF)<\/p>\n<p>Estado de Ingresos (.PDF)<br \/>\nNormas de Elaboraci\u00f3n y Funcionamiento:<\/p>\n<p>Tomo I: Estado de Ingresos y [&#8230;]<\/p>\n","protected":false},"author":318,"featured_media":0,"parent":31,"menu_order":2,"comment_status":"closed","ping_status":"closed","template":"","meta":{"_links_to":"","_links_to_target":""},"_links":{"self":[{"href":"https:\/\/presupuestoypatrimonio.umh.es\/en\/wp-json\/wp\/v2\/pages\/14788"}],"collection":[{"href":"https:\/\/presupuestoypatrimonio.umh.es\/en\/wp-json\/wp\/v2\/pages"}],"about":[{"href":"https:\/\/presupuestoypatrimonio.umh.es\/en\/wp-json\/wp\/v2\/types\/page"}],"author":[{"embeddable":true,"href":"https:\/\/presupuestoypatrimonio.umh.es\/en\/wp-json\/wp\/v2\/users\/318"}],"replies":[{"embeddable":true,"href":"https:\/\/presupuestoypatrimonio.umh.es\/en\/wp-json\/wp\/v2\/comments?post=14788"}],"version-history":[{"count":0,"href":"https:\/\/presupuestoypatrimonio.umh.es\/en\/wp-json\/wp\/v2\/pages\/14788\/revisions"}],"up":[{"embeddable":true,"href":"https:\/\/presupuestoypatrimonio.umh.es\/en\/wp-json\/wp\/v2\/pages\/31"}],"wp:attachment":[{"href":"https:\/\/presupuestoypatrimonio.umh.es\/en\/wp-json\/wp\/v2\/media?parent=14788"}],"curies":[{"name":"wp","href":"https:\/\/api.w.org\/{rel}","templated":true}]}}