{"id":16676,"date":"2022-09-27T15:33:34","date_gmt":"2022-09-27T13:33:34","guid":{"rendered":"https:\/\/presupuestoypatrimonio.umh.es\/?page_id=16676"},"modified":"2025-03-31T18:59:49","modified_gmt":"2025-03-31T16:59:49","slug":"guias-practicas-de-gestion-presupuestaria","status":"publish","type":"page","link":"https:\/\/presupuestoypatrimonio.umh.es\/en\/presupuestos-2\/gestion\/guias-practicas-de-gestion-presupuestaria\/","title":{"rendered":"<span lang=\"es\">(Espa\u00f1ol) Gu\u00edas Pr\u00e1cticas de Gesti\u00f3n Presupuestaria<\/span>"},"content":{"rendered":"<p><\/p>\n<ol>\n<li><a href=\"https:\/\/presupuestoypatrimonio.umh.es\/files\/2022\/09\/GUIA-GESTION-PRESUPUESTARIA-INCORPORACION-DE-REMANENTES-.pdf\" target=\"_blank\" rel=\"noopener\">Gu\u00eda Pr\u00e1ctica de Gesti\u00f3n Presupuestaria: Incorporaci\u00f3n de Remanentes (.PDF)<img loading=\"lazy\" class=\"alignnone size-full wp-image-16022\" src=\"https:\/\/presupuestoypatrimonio.umh.es\/files\/2023\/09\/ICONO-abre-en-nueva-ventana.png\" alt=\"abre en nueva ventana\" width=\"15\" height=\"15\" \/><\/a><\/li>\n<li><a href=\"https:\/\/presupuestoypatrimonio.umh.es\/files\/2022\/09\/GUIA-GESTION-PRESUPUESTARIA-APLICACION-ARTICULO-5-EJECUCION-MINIMA-DEL-60.pdf\" target=\"_blank\" rel=\"noopener\">Gu\u00eda Pr\u00e1ctica de Gesti\u00f3n Presupuestaria: Aplicaci\u00f3n del Art. 5 de las Normas de Ejecuci\u00f3n del Presupuesto (.PDF)<img loading=\"lazy\" class=\"alignnone size-full wp-image-16022\" src=\"https:\/\/presupuestoypatrimonio.umh.es\/files\/2023\/09\/ICONO-abre-en-nueva-ventana.png\" alt=\"abre en nueva ventana\" width=\"15\" height=\"15\" \/><\/a>\n<ul>\n<li><a href=\"https:\/\/presupuestoypatrimonio.umh.es\/files\/2022\/09\/Calculadora-Aplicacion-Art.-5-NEFP-v.3.xlsx\" target=\"_blank\" rel=\"noopener\">Calculadora de comprobaci\u00f3n de ejecuci\u00f3n m\u00ednima del 60% en aplicaci\u00f3n de la regla Art. 5 (Descargar .XLSX)<\/a><\/li>\n<\/ul>\n<\/li>\n<li><a href=\"https:\/\/presupuestoypatrimonio.umh.es\/files\/2023\/02\/GUIA-GESTION-PRESUPUESTARIA-CODIFICACION-PRESUPUESTARIA-CENTROS-DE-GASTOS-LINEAS-DE-INVESTIGACION-1.pdf\">Gu\u00eda Pr\u00e1ctica de Gesti\u00f3n Presupuestaria: Codificaci\u00f3n de Partidas Presupuestarias de Centros de Gastos Finalistas (.PDF)<img loading=\"lazy\" class=\"alignnone size-full wp-image-16022\" src=\"https:\/\/presupuestoypatrimonio.umh.es\/files\/2023\/09\/ICONO-abre-en-nueva-ventana.png\" alt=\"\" width=\"15\" height=\"15\" \/><\/a><\/li>\n<li><a href=\"https:\/\/presupuestoypatrimonio.umh.es\/files\/2023\/02\/GUIA-ACTA-RECEPCION.-2023.-sgpp.pdf.pdf\" target=\"_blank\" rel=\"noopener\">Gu\u00eda Pr\u00e1ctica de Gesti\u00f3n Presupuestaria: Acta Recepci\u00f3n (.PDF)<img loading=\"lazy\" class=\"alignnone size-full wp-image-16022\" src=\"https:\/\/presupuestoypatrimonio.umh.es\/files\/2023\/09\/ICONO-abre-en-nueva-ventana.png\" alt=\"\" width=\"15\" height=\"15\" \/><\/a><\/li>\n<\/ol>\n<p><\/p>","protected":false},"excerpt":{"rendered":"<p>Gu\u00eda Pr\u00e1ctica de Gesti\u00f3n Presupuestaria: Incorporaci\u00f3n de Remanentes (.PDF)<br \/>\nGu\u00eda Pr\u00e1ctica de Gesti\u00f3n Presupuestaria: Aplicaci\u00f3n del Art. 5 de las Normas de Ejecuci\u00f3n del Presupuesto (.PDF)<\/p>\n<p>Calculadora de comprobaci\u00f3n de ejecuci\u00f3n m\u00ednima del 60% en aplicaci\u00f3n de la regla Art. 5 (Descargar .XLSX)<\/p>\n<p>Gu\u00eda Pr\u00e1ctica de Gesti\u00f3n Presupuestaria: Codificaci\u00f3n de Partidas Presupuestarias de Centros de Gastos Finalistas (.PDF)<br \/>\nGu\u00eda [&#8230;]<\/p>\n","protected":false},"author":126,"featured_media":0,"parent":13689,"menu_order":0,"comment_status":"closed","ping_status":"closed","template":"","meta":{"_links_to":"","_links_to_target":""},"_links":{"self":[{"href":"https:\/\/presupuestoypatrimonio.umh.es\/en\/wp-json\/wp\/v2\/pages\/16676"}],"collection":[{"href":"https:\/\/presupuestoypatrimonio.umh.es\/en\/wp-json\/wp\/v2\/pages"}],"about":[{"href":"https:\/\/presupuestoypatrimonio.umh.es\/en\/wp-json\/wp\/v2\/types\/page"}],"author":[{"embeddable":true,"href":"https:\/\/presupuestoypatrimonio.umh.es\/en\/wp-json\/wp\/v2\/users\/126"}],"replies":[{"embeddable":true,"href":"https:\/\/presupuestoypatrimonio.umh.es\/en\/wp-json\/wp\/v2\/comments?post=16676"}],"version-history":[{"count":0,"href":"https:\/\/presupuestoypatrimonio.umh.es\/en\/wp-json\/wp\/v2\/pages\/16676\/revisions"}],"up":[{"embeddable":true,"href":"https:\/\/presupuestoypatrimonio.umh.es\/en\/wp-json\/wp\/v2\/pages\/13689"}],"wp:attachment":[{"href":"https:\/\/presupuestoypatrimonio.umh.es\/en\/wp-json\/wp\/v2\/media?parent=16676"}],"curies":[{"name":"wp","href":"https:\/\/api.w.org\/{rel}","templated":true}]}}