{"id":17185,"date":"2022-12-19T09:44:11","date_gmt":"2022-12-19T08:44:11","guid":{"rendered":"https:\/\/presupuestoypatrimonio.umh.es\/?page_id=17185"},"modified":"2024-01-10T12:44:35","modified_gmt":"2024-01-10T11:44:35","slug":"proyecto-de-presupuesto-2023","status":"publish","type":"page","link":"https:\/\/presupuestoypatrimonio.umh.es\/en\/presupuestos-2\/aprobacion\/proyecto-de-presupuesto-2023\/","title":{"rendered":"<span lang=\"es\">(Espa\u00f1ol) Presupuesto 2023<\/span>"},"content":{"rendered":"<p><\/p>\n<div class=\"col col-lg-8 order-first order-lg-2\">\n<div class=\"row\">\n<div class=\"col\">\n<div class=\"text-cuerpo\">\n<div><strong>Aprobado por el Consejo Social en su sesi\u00f3n del 20 de diciembre de 2022, se facilitan a continuaci\u00f3n los documentos que forman parte del Presupuesto de 2023:<\/strong><\/div>\n<div><\/div>\n<div class=\"col\">\n<div class=\"text-cuerpo\">\n<ol>\n<li>Estado de Gastos<strong>:<\/strong>\n<ul>\n<li>Por Unidad Org\u00e1nica:\u00a0<a href=\"https:\/\/presupuestoypatrimonio.umh.es\/files\/2022\/12\/Estado-de-gastos-por-organica-2023.pdf\" target=\"_blank\" rel=\"noopener\">Estado de Gastos Por Unidad Org\u00e1nica (.PDF)<\/a><img loading=\"lazy\" class=\"alignnone wp-image-16022 size-full\" src=\"https:\/\/presupuestoypatrimonio.umh.es\/files\/2023\/09\/ICONO-abre-en-nueva-ventana.png\" alt=\"abre en nueva ventana\" width=\"15\" height=\"15\" \/><\/li>\n<li>Por Cap\u00edtulo:\u00a0<a href=\"https:\/\/presupuestoypatrimonio.umh.es\/files\/2022\/12\/Estado-de-gastos-por-capitulo-2023.pdf\" target=\"_blank\" rel=\"noopener\">Estado de Gastos Por Cap\u00edtulos (.PDF)<\/a><img loading=\"lazy\" class=\"alignnone wp-image-16022 size-full\" src=\"https:\/\/presupuestoypatrimonio.umh.es\/files\/2023\/09\/ICONO-abre-en-nueva-ventana.png\" alt=\"abre en nueva ventana\" width=\"15\" height=\"15\" \/><\/li>\n<\/ul>\n<\/li>\n<li><a href=\"https:\/\/presupuestoypatrimonio.umh.es\/files\/2022\/12\/Estado-de-ingresos-2023.pdf\" target=\"_blank\" rel=\"noopener\">Estado de Ingresos (.PDF)<\/a><img loading=\"lazy\" class=\"alignnone wp-image-16022 size-full\" src=\"https:\/\/presupuestoypatrimonio.umh.es\/files\/2023\/09\/ICONO-abre-en-nueva-ventana.png\" alt=\"abre en nueva ventana\" width=\"15\" height=\"15\" \/><\/li>\n<li>Normas de Elaboraci\u00f3n y Funcionamiento:\n<ol>\n<li>Tomo I:\u00a0<a href=\"https:\/\/presupuestoypatrimonio.umh.es\/files\/2023\/02\/TOMO-I-rev-jrs.pdf\">Estado de Ingresos y Gastos (.PDF)<img loading=\"lazy\" class=\"alignnone wp-image-16022 size-full\" src=\"https:\/\/presupuestoypatrimonio.umh.es\/files\/2023\/09\/ICONO-abre-en-nueva-ventana.png\" alt=\"abre en nueva ventana\" width=\"15\" height=\"15\" \/><\/a><\/li>\n<li>Tomo II:\u00a0<a href=\"https:\/\/presupuestoypatrimonio.umh.es\/files\/2022\/12\/TOMO-II.pdf\" target=\"_blank\" rel=\"noopener\">Bases de Ejecuci\u00f3n y Funcionamiento (.PDF)<\/a><img loading=\"lazy\" class=\"alignnone wp-image-16022 size-full\" src=\"https:\/\/presupuestoypatrimonio.umh.es\/files\/2023\/09\/ICONO-abre-en-nueva-ventana.png\" alt=\"abre en nueva ventana\" width=\"15\" height=\"15\" \/><\/li>\n<li>Tomo III:\u00a0<a href=\"https:\/\/presupuestoypatrimonio.umh.es\/files\/2023\/02\/TOMO-III.pdf\" target=\"_blank\" rel=\"noopener\">Tasas y Precios P\u00fablicos (.PDF)<\/a><img loading=\"lazy\" class=\"alignnone wp-image-16022 size-full\" src=\"https:\/\/presupuestoypatrimonio.umh.es\/files\/2023\/09\/ICONO-abre-en-nueva-ventana.png\" alt=\"abre en nueva ventana\" width=\"15\" height=\"15\" \/><\/li>\n<\/ol>\n<\/li>\n<li>Cap\u00edtulo I:\n<ol>\n<li><a href=\"https:\/\/presupuestoypatrimonio.umh.es\/files\/2023\/01\/1.-PLANTILLA-PRESUPUESTARIA-2023.pdf\" target=\"_blank\" rel=\"noopener\">Plantilla Presupuestaria (.PDF)<img loading=\"lazy\" class=\"alignnone wp-image-16022 size-full\" src=\"https:\/\/presupuestoypatrimonio.umh.es\/files\/2023\/09\/ICONO-abre-en-nueva-ventana.png\" alt=\"abre en nueva ventana\" width=\"15\" height=\"15\" \/><\/a><\/li>\n<li><a href=\"https:\/\/presupuestoypatrimonio.umh.es\/files\/2023\/01\/RPT-PDI-UMH-2022.pdf\">Relaci\u00f3n de Puestos de Trabajo del PDI (.PDF)<img loading=\"lazy\" class=\"alignnone wp-image-16022 size-full\" src=\"https:\/\/presupuestoypatrimonio.umh.es\/files\/2023\/09\/ICONO-abre-en-nueva-ventana.png\" alt=\"abre en nueva ventana\" width=\"15\" height=\"15\" \/><\/a><\/li>\n<li><a href=\"https:\/\/presupuestoypatrimonio.umh.es\/files\/2023\/02\/3.-RPT-PAS-2023.pdf\">Relaci\u00f3n de Puestos de Trabajo del PAS (.PDF)<img loading=\"lazy\" class=\"alignnone wp-image-16022 size-full\" src=\"https:\/\/presupuestoypatrimonio.umh.es\/files\/2023\/09\/ICONO-abre-en-nueva-ventana.png\" alt=\"abre en nueva ventana\" width=\"15\" height=\"15\" \/><\/a><\/li>\n<\/ol>\n<\/li>\n<li><a href=\"https:\/\/presupuestoypatrimonio.umh.es\/files\/2022\/12\/5-Plan-Estrategico-de-Subvenciones-PES.pdf\" target=\"_blank\" rel=\"noopener\">Plan Estrat\u00e9gico de Subvenciones (BDNS)(.PDF)<\/a><img loading=\"lazy\" class=\"alignnone wp-image-16022 size-full\" src=\"https:\/\/presupuestoypatrimonio.umh.es\/files\/2023\/09\/ICONO-abre-en-nueva-ventana.png\" alt=\"abre en nueva ventana\" width=\"15\" height=\"15\" \/><\/li>\n<li><a href=\"https:\/\/presupuestoypatrimonio.umh.es\/files\/2022\/12\/6-Plan-Estrategico-VI-2023-2026.pdf\" target=\"_blank\" rel=\"noopener\">Plan Plurianual de Inversiones (cap\u00edtulo VI) 2023-2026(.PDF)<\/a><img loading=\"lazy\" class=\"alignnone wp-image-16022 size-full\" src=\"https:\/\/presupuestoypatrimonio.umh.es\/files\/2023\/09\/ICONO-abre-en-nueva-ventana.png\" alt=\"abre en nueva ventana\" width=\"15\" height=\"15\" \/><\/li>\n<li><a href=\"https:\/\/presupuestoypatrimonio.umh.es\/files\/2022\/12\/7-Plan-Plurianual-de-Gestion-de-Creditos-Integrales-Capitulo-II-IV-y-VI-2023-26.pdf\" target=\"_blank\" rel=\"noopener\">Plan Plurianual de Gesti\u00f3n de Cr\u00e9ditos Integrales (Cap\u00edtulos II, IV y VI) 2023-2026 (.PDF)<\/a><img loading=\"lazy\" class=\"alignnone wp-image-16022 size-full\" src=\"https:\/\/presupuestoypatrimonio.umh.es\/files\/2023\/09\/ICONO-abre-en-nueva-ventana.png\" alt=\"abre en nueva ventana\" width=\"15\" height=\"15\" \/><\/li>\n<li><a href=\"https:\/\/presupuestoypatrimonio.umh.es\/files\/2022\/12\/8-Plan-Estrategico-ODS.pdf\" target=\"_blank\" rel=\"noopener\">Plan Estrat\u00e9gico ODS (.PDF)<\/a><img loading=\"lazy\" class=\"alignnone wp-image-16022 size-full\" src=\"https:\/\/presupuestoypatrimonio.umh.es\/files\/2023\/09\/ICONO-abre-en-nueva-ventana.png\" alt=\"abre en nueva ventana\" width=\"15\" height=\"15\" \/><\/li>\n<li><a href=\"https:\/\/presupuestoypatrimonio.umh.es\/files\/2022\/12\/9-Criterios-asignacion-presupuestaria-gastos-de-funcionamiento-FEDptos-e-IUI.pdf\" target=\"_blank\" rel=\"noopener\">Criterios de asignaci\u00f3n presupuestaria de gastos de funcionamiento de Facultades, Escuelas, Institutos Universitarios de Investigaci\u00f3n y Departamentos. (.PDF)<\/a><img loading=\"lazy\" class=\"alignnone wp-image-16022 size-full\" src=\"https:\/\/presupuestoypatrimonio.umh.es\/files\/2023\/09\/ICONO-abre-en-nueva-ventana.png\" alt=\"abre en nueva ventana\" width=\"15\" height=\"15\" \/><\/li>\n<li><a href=\"https:\/\/presupuestoypatrimonio.umh.es\/files\/2022\/12\/3-Presupuesto-consolidado-UMH-FUMH.pdf\" target=\"_blank\" rel=\"noopener\">Presupuesto consolidado UMH-FUMH (.PDF)<\/a><img loading=\"lazy\" class=\"alignnone wp-image-16022 size-full\" src=\"https:\/\/presupuestoypatrimonio.umh.es\/files\/2023\/09\/ICONO-abre-en-nueva-ventana.png\" alt=\"abre en nueva ventana\" width=\"15\" height=\"15\" \/><\/li>\n<li><a href=\"https:\/\/presupuestoypatrimonio.umh.es\/files\/2022\/12\/EXPTES-DE-GESTION-CENTRALIZADA.pdf\">Expedientes de Gesti\u00f3n Econ\u00f3mica (Personal, Correo, Acuerdos Marcos, Impresi\u00f3n, etc) (.PDF)<img loading=\"lazy\" class=\"alignnone wp-image-16022 size-full\" src=\"https:\/\/presupuestoypatrimonio.umh.es\/files\/2023\/09\/ICONO-abre-en-nueva-ventana.png\" alt=\"abre en nueva ventana\" width=\"15\" height=\"15\" \/><\/a><\/li>\n<li><a href=\"https:\/\/presupuestoypatrimonio.umh.es\/files\/2023\/01\/Resolucion-Rectoral-00135_2023.pdf\" target=\"_blank\" rel=\"noopener\">Asignaci\u00f3n de la responsabilidad de la gesti\u00f3n de los cr\u00e9ditos de gastos del Presupuesto 2023: RR N.\u00ba 00135\/2023, de 20\/01\/2023. (.PDF)<img loading=\"lazy\" class=\"alignnone wp-image-16022 size-full\" src=\"https:\/\/presupuestoypatrimonio.umh.es\/files\/2023\/09\/ICONO-abre-en-nueva-ventana.png\" alt=\"abre en nueva ventana\" width=\"15\" height=\"15\" \/><\/a><\/li>\n<li><a href=\"https:\/\/presupuestoypatrimonio.umh.es\/files\/2023\/01\/2023_399.pdf\">Publicaci\u00f3n en el DOGV (.PDF)<img loading=\"lazy\" class=\"alignnone wp-image-16022 size-full\" src=\"https:\/\/presupuestoypatrimonio.umh.es\/files\/2023\/09\/ICONO-abre-en-nueva-ventana.png\" alt=\"abre en nueva ventana\" width=\"15\" height=\"15\" \/><\/a><\/li>\n<li>E-Presupuesto<img loading=\"lazy\" class=\"alignnone size-full wp-image-16022\" src=\"https:\/\/presupuestoypatrimonio.umh.es\/files\/2023\/09\/ICONO-abre-en-nueva-ventana.png\" alt=\"\" width=\"15\" height=\"15\" \/><\/li>\n<li>Fechas Sesiones PRESENCIALES de Exposici\u00f3n de Novedades del presupuesto 2023:\n<ul>\n<li>Lunes 23\/01\/2023:\n<ul>\n<li>9:00 h a 11:30 h Altea: Aula 1.1 del Edificio Albir.<\/li>\n<li>12:30 h a 15:00 h San Juan: Aula 8 del Edificio Francisco Javier Balmis.<\/li>\n<\/ul>\n<\/li>\n<li>Mi\u00e9rcoles 25\/01\/2023:\n<ul>\n<li>9:00 h a 11:30 h Orihuela: Aula de Grados del Edificio Tudemir.<\/li>\n<li>12:30 h a 15:00 h Elche: Aula 02 del Edificio Arenals, tambi\u00e9n a trav\u00e9s de la aplicaci\u00f3n de Google Meet: meet.google.com\/rgv-fzzb-uce\n<ul>\n<li><a href=\"https:\/\/www.youtube.com\/watch?v=iKhqGmtInFo\" target=\"_blank\" rel=\"noopener\">Video de la Jornada Novedades del presupuesto 2023<\/a><\/li>\n<\/ul>\n<\/li>\n<\/ul>\n<\/li>\n<\/ul>\n<\/li>\n<li><a href=\"https:\/\/presupuestoypatrimonio.umh.es\/files\/2023\/02\/Guia-Novedades-Normas-de-Ejecucion-y-Funcionamiento-Presupuesto-2023-Integral.pptx\" target=\"_blank\" rel=\"noopener\">Gu\u00eda-Novedades-Bases-de-Ejecuci\u00f3n-y-Funcionamiento-Presupuesto-2023 (.PDF)<img loading=\"lazy\" class=\"alignnone wp-image-16022 size-full\" src=\"https:\/\/presupuestoypatrimonio.umh.es\/files\/2023\/09\/ICONO-abre-en-nueva-ventana.png\" alt=\"abre en nueva ventana\" width=\"15\" height=\"15\" \/><\/a><\/li>\n<\/ol>\n<\/div>\n<\/div>\n<\/div>\n<\/div>\n<\/div>\n<\/div>\n<p><\/p>","protected":false},"excerpt":{"rendered":"<p>Aprobado por el Consejo Social en su sesi\u00f3n del 20 de diciembre de 2022, se facilitan a continuaci\u00f3n los documentos que forman parte del Presupuesto de 2023:<\/p>\n<p>Estado de Gastos:<\/p>\n<p>Por Unidad Org\u00e1nica:\u00a0Estado de Gastos Por Unidad Org\u00e1nica (.PDF)<br \/>\nPor Cap\u00edtulo:\u00a0Estado de Gastos Por Cap\u00edtulos (.PDF)<\/p>\n<p>Estado de Ingresos (.PDF)<br \/>\nNormas de Elaboraci\u00f3n y Funcionamiento:<\/p>\n<p>Tomo I:\u00a0Estado de Ingresos y Gastos [&#8230;]<\/p>\n","protected":false},"author":318,"featured_media":0,"parent":31,"menu_order":4,"comment_status":"closed","ping_status":"closed","template":"","meta":{"_links_to":"","_links_to_target":""},"_links":{"self":[{"href":"https:\/\/presupuestoypatrimonio.umh.es\/en\/wp-json\/wp\/v2\/pages\/17185"}],"collection":[{"href":"https:\/\/presupuestoypatrimonio.umh.es\/en\/wp-json\/wp\/v2\/pages"}],"about":[{"href":"https:\/\/presupuestoypatrimonio.umh.es\/en\/wp-json\/wp\/v2\/types\/page"}],"author":[{"embeddable":true,"href":"https:\/\/presupuestoypatrimonio.umh.es\/en\/wp-json\/wp\/v2\/users\/318"}],"replies":[{"embeddable":true,"href":"https:\/\/presupuestoypatrimonio.umh.es\/en\/wp-json\/wp\/v2\/comments?post=17185"}],"version-history":[{"count":0,"href":"https:\/\/presupuestoypatrimonio.umh.es\/en\/wp-json\/wp\/v2\/pages\/17185\/revisions"}],"up":[{"embeddable":true,"href":"https:\/\/presupuestoypatrimonio.umh.es\/en\/wp-json\/wp\/v2\/pages\/31"}],"wp:attachment":[{"href":"https:\/\/presupuestoypatrimonio.umh.es\/en\/wp-json\/wp\/v2\/media?parent=17185"}],"curies":[{"name":"wp","href":"https:\/\/api.w.org\/{rel}","templated":true}]}}