{"id":17488,"date":"2023-01-12T15:56:41","date_gmt":"2023-01-12T14:56:41","guid":{"rendered":"https:\/\/presupuestoypatrimonio.umh.es\/?page_id=17488"},"modified":"2023-03-23T16:33:40","modified_gmt":"2023-03-23T15:33:40","slug":"modificaciones-presupuestarias-2023","status":"publish","type":"page","link":"https:\/\/presupuestoypatrimonio.umh.es\/en\/presupuestos-2\/gestion\/modificaciones-presupuestarias-2\/modificaciones-presupuestarias-2023\/","title":{"rendered":"<span lang=\"es\">(Espa\u00f1ol) Modificaciones Presupuestarias 2023<\/span>"},"content":{"rendered":"<p><\/p>\n<ul>\n<li><a href=\"https:\/\/presupuestoypatrimonio.umh.es\/presupuestos-2\/gestion\/modificaciones-presupuestarias\/modificaciones-presupuestarias-2023\/incorporacion-de-remanentes-de-credito-2023\/\" target=\"_blank\" rel=\"noopener\"><strong>Incorporaci\u00f3n de remanentes de cr\u00e9dito<img loading=\"lazy\" class=\"alignnone size-full wp-image-16022\" src=\"https:\/\/presupuestoypatrimonio.umh.es\/files\/2023\/09\/ICONO-abre-en-nueva-ventana.png\" alt=\"\" width=\"15\" height=\"15\" \/><\/strong><\/a> (solicitar contrase\u00f1a en presupuestoypatrimonio@umh.es)<\/li>\n<li><strong><a href=\"https:\/\/presupuestoypatrimonio.umh.es\/presupuestos-2\/gestion\/modificaciones-presupuestarias\/modificaciones-presupuestarias-2023\/transferencias-de-credito-2023\/\" target=\"_blank\" rel=\"noopener\">Transferencias de cr\u00e9dito<img loading=\"lazy\" class=\"alignnone size-full wp-image-16022\" src=\"https:\/\/presupuestoypatrimonio.umh.es\/files\/2023\/09\/ICONO-abre-en-nueva-ventana.png\" alt=\"\" width=\"15\" height=\"15\" \/><\/a><\/strong><\/li>\n<li><a href=\"https:\/\/presupuestoypatrimonio.umh.es\/presupuestos-2\/gestion\/modificaciones-presupuestarias\/modificaciones-presupuestarias-2023\/generaciones-de-credito-2023\/\" target=\"_blank\" rel=\"noopener\"><strong>Generaciones de cr\u00e9dito<img loading=\"lazy\" class=\"alignnone size-full wp-image-16022\" src=\"https:\/\/presupuestoypatrimonio.umh.es\/files\/2023\/09\/ICONO-abre-en-nueva-ventana.png\" alt=\"\" width=\"15\" height=\"15\" \/><\/strong><\/a><\/li>\n<li><a href=\"https:\/\/presupuestoypatrimonio.umh.es\/presupuestos-2\/gestion\/modificaciones-presupuestarias\/modificaciones-presupuestarias-2023\/ampliaciones-de-credito-2023\/\" target=\"_blank\" rel=\"noopener\"><strong>Ampliaciones de cr\u00e9dito<img loading=\"lazy\" class=\"alignnone size-full wp-image-16022\" src=\"https:\/\/presupuestoypatrimonio.umh.es\/files\/2023\/09\/ICONO-abre-en-nueva-ventana.png\" alt=\"\" width=\"15\" height=\"15\" \/><\/strong><\/a><\/li>\n<li><a href=\"https:\/\/presupuestoypatrimonio.umh.es\/presupuestos-2\/gestion\/modificaciones-presupuestarias\/modificaciones-presupuestarias-2023\/bajas-de-credito-2023\/\" target=\"_blank\" rel=\"noopener\"><strong>Bajas de cr\u00e9dito<img loading=\"lazy\" class=\"alignnone size-full wp-image-16022\" src=\"https:\/\/presupuestoypatrimonio.umh.es\/files\/2023\/09\/ICONO-abre-en-nueva-ventana.png\" alt=\"\" width=\"15\" height=\"15\" \/><\/strong><\/a><\/li>\n<li><a href=\"https:\/\/presupuestoypatrimonio.umh.es\/presupuestos-2\/gestion\/modificaciones-presupuestarias\/modificaciones-presupuestarias-2023\/facturas-internas-2023\/\" target=\"_blank\" rel=\"noopener\"><strong>Facturas internas<img loading=\"lazy\" class=\"alignnone size-full wp-image-16022\" src=\"https:\/\/presupuestoypatrimonio.umh.es\/files\/2023\/09\/ICONO-abre-en-nueva-ventana.png\" alt=\"\" width=\"15\" height=\"15\" \/><\/strong><\/a><\/li>\n<li><a href=\"https:\/\/presupuestoypatrimonio.umh.es\/presupuestos-2\/gestion\/modificaciones-presupuestarias\/modificaciones-presupuestarias-2023\/suplementos-de-credito-2023\/\" target=\"_blank\" rel=\"noopener\"><strong>Suplementos de cr\u00e9dito<img loading=\"lazy\" class=\"alignnone size-full wp-image-16022\" src=\"https:\/\/presupuestoypatrimonio.umh.es\/files\/2023\/09\/ICONO-abre-en-nueva-ventana.png\" alt=\"\" width=\"15\" height=\"15\" \/><\/strong><\/a><\/li>\n<li><a href=\"https:\/\/presupuestoypatrimonio.umh.es\/presupuestos-2\/gestion\/modificaciones-presupuestarias\/modificaciones-presupuestarias-2023\/creditos-extraordinarios-2023\/\" target=\"_blank\" rel=\"noopener\"><strong>Cr\u00e9ditos extraordinarios<img loading=\"lazy\" class=\"alignnone size-full wp-image-16022\" src=\"https:\/\/presupuestoypatrimonio.umh.es\/files\/2023\/09\/ICONO-abre-en-nueva-ventana.png\" alt=\"\" width=\"15\" height=\"15\" \/><\/strong><\/a><\/li>\n<\/ul>\n<p><\/p>","protected":false},"excerpt":{"rendered":"<p>Incorporaci\u00f3n de remanentes de cr\u00e9dito (solicitar contrase\u00f1a en presupuestoypatrimonio@umh.es)<br \/>\nTransferencias de cr\u00e9dito<br \/>\nGeneraciones de cr\u00e9dito<br \/>\nAmpliaciones de cr\u00e9dito<br \/>\nBajas de cr\u00e9dito<br \/>\nFacturas internas<br \/>\nSuplementos de cr\u00e9dito<br \/>\nCr\u00e9ditos extraordinarios<\/p>\n","protected":false},"author":126,"featured_media":0,"parent":32,"menu_order":0,"comment_status":"closed","ping_status":"closed","template":"","meta":{"_links_to":"","_links_to_target":""},"_links":{"self":[{"href":"https:\/\/presupuestoypatrimonio.umh.es\/en\/wp-json\/wp\/v2\/pages\/17488"}],"collection":[{"href":"https:\/\/presupuestoypatrimonio.umh.es\/en\/wp-json\/wp\/v2\/pages"}],"about":[{"href":"https:\/\/presupuestoypatrimonio.umh.es\/en\/wp-json\/wp\/v2\/types\/page"}],"author":[{"embeddable":true,"href":"https:\/\/presupuestoypatrimonio.umh.es\/en\/wp-json\/wp\/v2\/users\/126"}],"replies":[{"embeddable":true,"href":"https:\/\/presupuestoypatrimonio.umh.es\/en\/wp-json\/wp\/v2\/comments?post=17488"}],"version-history":[{"count":0,"href":"https:\/\/presupuestoypatrimonio.umh.es\/en\/wp-json\/wp\/v2\/pages\/17488\/revisions"}],"up":[{"embeddable":true,"href":"https:\/\/presupuestoypatrimonio.umh.es\/en\/wp-json\/wp\/v2\/pages\/32"}],"wp:attachment":[{"href":"https:\/\/presupuestoypatrimonio.umh.es\/en\/wp-json\/wp\/v2\/media?parent=17488"}],"curies":[{"name":"wp","href":"https:\/\/api.w.org\/{rel}","templated":true}]}}