{"id":17518,"date":"2023-01-12T16:14:17","date_gmt":"2023-01-12T15:14:17","guid":{"rendered":"https:\/\/presupuestoypatrimonio.umh.es\/?page_id=17518"},"modified":"2023-07-31T10:12:00","modified_gmt":"2023-07-31T08:12:00","slug":"incorporacion-de-remanentes-de-credito-2023","status":"publish","type":"page","link":"https:\/\/presupuestoypatrimonio.umh.es\/en\/presupuestos-2\/gestion\/modificaciones-presupuestarias-2\/modificaciones-presupuestarias-2023\/incorporacion-de-remanentes-de-credito-2023\/","title":{"rendered":"<span lang=\"es\">(Espa\u00f1ol) Incorporaci\u00f3n de Remanentes de Cr\u00e9dito 2023<\/span>"},"content":{"rendered":"<p><a href=\"https:\/\/presupuestoypatrimonio.umh.es\/files\/2023\/02\/Resolucion-Rectoral-00406_2023.pdf\" target=\"_blank\" rel=\"noopener\">EXPTE. 001R\/23: INCORPORACI\u00d3N DE REMANENTES DE FINANCIACI\u00d3N AFECTADA (PDF)<img loading=\"lazy\" class=\"alignnone size-full wp-image-16022\" src=\"https:\/\/presupuestoypatrimonio.umh.es\/files\/2023\/09\/ICONO-abre-en-nueva-ventana.png\" alt=\"abre en nueva ventana\" width=\"15\" height=\"15\" \/><\/a><\/p>\n<p><a href=\"https:\/\/presupuestoypatrimonio.umh.es\/files\/2023\/02\/Resolucion-Rectoral-00475_2023.pdf\" target=\"_blank\" rel=\"noopener\">EXPTE. 002R\/23: INCORPORACI\u00d3N DE REMANENTES DE SERVICIOS (CAP\u00cdTULO II) (PDF)<img loading=\"lazy\" class=\"alignnone size-full wp-image-16022\" src=\"https:\/\/presupuestoypatrimonio.umh.es\/files\/2023\/09\/ICONO-abre-en-nueva-ventana.png\" alt=\"abre en nueva ventana\" width=\"15\" height=\"15\" \/><\/a><\/p>\n<p><a href=\"https:\/\/presupuestoypatrimonio.umh.es\/files\/2023\/02\/Resolucion-Rectoral-00474_2023.pdf\" target=\"_blank\" rel=\"noopener\">EXPTE. 003R\/23: INCORPORACI\u00d3N DE REMANENTES DE INVERSIONES (CAP\u00cdTULO VI) (PDF)<img loading=\"lazy\" class=\"alignnone size-full wp-image-16022\" src=\"https:\/\/presupuestoypatrimonio.umh.es\/files\/2023\/09\/ICONO-abre-en-nueva-ventana.png\" alt=\"abre en nueva ventana\" width=\"15\" height=\"15\" \/><\/a><\/p>\n<p><a href=\"https:\/\/presupuestoypatrimonio.umh.es\/files\/2023\/02\/Resolucion-Rectoral-00473_2023.pdf\" target=\"_blank\" rel=\"noopener\">EXPTE. 004R\/23: INCORPORACI\u00d3N DE REMANENTES DE TRANSFERENCIAS (CAP\u00cdTULOS IV Y VII) (PDF)<img loading=\"lazy\" class=\"alignnone size-full wp-image-16022\" src=\"https:\/\/presupuestoypatrimonio.umh.es\/files\/2023\/09\/ICONO-abre-en-nueva-ventana.png\" alt=\"abre en nueva ventana\" width=\"15\" height=\"15\" \/><\/a><\/p>\n<p><a href=\"https:\/\/presupuestoypatrimonio.umh.es\/files\/2023\/03\/Resolucion-Rectoral-00746_2023.pdf\" target=\"_blank\" rel=\"noopener\">EXPTE. 005R\/23: INCORPORACI\u00d3N DE REMANENTES ACTIVIDADES PAR\/CAR (PDF)<img loading=\"lazy\" class=\"alignnone size-full wp-image-16022\" src=\"https:\/\/presupuestoypatrimonio.umh.es\/files\/2023\/09\/ICONO-abre-en-nueva-ventana.png\" alt=\"abre en nueva ventana\" width=\"15\" height=\"15\" \/><\/a><\/p>\n<p><a href=\"https:\/\/presupuestoypatrimonio.umh.es\/files\/2023\/03\/Resolucion-Rectoral-00769_2023.pdf\" target=\"_blank\" rel=\"noopener\">EXPTE. 006R\/23: INCORPORACI\u00d3N DE REMANENTES A SOLICITUD MOTIVADA (PDF)<img loading=\"lazy\" class=\"alignnone size-full wp-image-16022\" src=\"https:\/\/presupuestoypatrimonio.umh.es\/files\/2023\/09\/ICONO-abre-en-nueva-ventana.png\" alt=\"\" width=\"15\" height=\"15\" \/><\/a><\/p>","protected":false},"excerpt":{"rendered":"<p>EXPTE. 001R\/23: INCORPORACI\u00d3N DE REMANENTES DE FINANCIACI\u00d3N AFECTADA (PDF)<br \/>\nEXPTE. 002R\/23: INCORPORACI\u00d3N DE REMANENTES DE SERVICIOS (CAP\u00cdTULO II) (PDF)<br \/>\nEXPTE. 003R\/23: INCORPORACI\u00d3N DE REMANENTES DE INVERSIONES (CAP\u00cdTULO VI) (PDF)<br \/>\nEXPTE. 004R\/23: INCORPORACI\u00d3N DE REMANENTES DE TRANSFERENCIAS (CAP\u00cdTULOS IV Y VII) (PDF)<br \/>\nEXPTE. 005R\/23: INCORPORACI\u00d3N DE REMANENTES ACTIVIDADES PAR\/CAR (PDF)<br \/>\nEXPTE. 006R\/23: INCORPORACI\u00d3N DE REMANENTES A SOLICITUD MOTIVADA (PDF)<\/p>\n","protected":false},"author":126,"featured_media":0,"parent":17488,"menu_order":0,"comment_status":"closed","ping_status":"closed","template":"","meta":{"_links_to":"","_links_to_target":""},"_links":{"self":[{"href":"https:\/\/presupuestoypatrimonio.umh.es\/en\/wp-json\/wp\/v2\/pages\/17518"}],"collection":[{"href":"https:\/\/presupuestoypatrimonio.umh.es\/en\/wp-json\/wp\/v2\/pages"}],"about":[{"href":"https:\/\/presupuestoypatrimonio.umh.es\/en\/wp-json\/wp\/v2\/types\/page"}],"author":[{"embeddable":true,"href":"https:\/\/presupuestoypatrimonio.umh.es\/en\/wp-json\/wp\/v2\/users\/126"}],"replies":[{"embeddable":true,"href":"https:\/\/presupuestoypatrimonio.umh.es\/en\/wp-json\/wp\/v2\/comments?post=17518"}],"version-history":[{"count":0,"href":"https:\/\/presupuestoypatrimonio.umh.es\/en\/wp-json\/wp\/v2\/pages\/17518\/revisions"}],"up":[{"embeddable":true,"href":"https:\/\/presupuestoypatrimonio.umh.es\/en\/wp-json\/wp\/v2\/pages\/17488"}],"wp:attachment":[{"href":"https:\/\/presupuestoypatrimonio.umh.es\/en\/wp-json\/wp\/v2\/media?parent=17518"}],"curies":[{"name":"wp","href":"https:\/\/api.w.org\/{rel}","templated":true}]}}