{"id":17766,"date":"2023-02-09T20:19:29","date_gmt":"2023-02-09T19:19:29","guid":{"rendered":"https:\/\/presupuestoypatrimonio.umh.es\/?page_id=17766"},"modified":"2024-02-22T14:35:34","modified_gmt":"2024-02-22T13:35:34","slug":"relaciones-internacionales-131","status":"publish","type":"page","link":"https:\/\/presupuestoypatrimonio.umh.es\/en\/presupuestos-2\/gestion\/modificaciones-presupuestarias-2\/modificaciones-presupuestarias-2023\/generaciones-de-credito-2023\/relaciones-internacionales-131\/","title":{"rendered":"<span lang=\"es\">(Espa\u00f1ol) Internacionalizaci\u00f3n y Cooperaci\u00f3n (131)<\/span>"},"content":{"rendered":"<p><\/p>\n<ul>\n<li><a href=\"https:\/\/presupuestoypatrimonio.umh.es\/files\/2023\/02\/4.23-013G-ANEXO-I-ok-3.pdf\">EXPTE. 13G\/23 1\u00aa Q ENERO 2023 (PDF)<img src=\"https:\/\/presupuestoypatrimonio.umh.es\/files\/2023\/09\/ICONO-abre-en-nueva-ventana.png\" \/><\/a><\/li>\n<li><a href=\"https:\/\/presupuestoypatrimonio.umh.es\/files\/2023\/02\/4.23-017G-ANEXO-I-ok.pdf\">EXPTE. 17G\/23 2\u00aa Q ENERO 2023 (PDF)<img loading=\"lazy\" class=\"alignnone size-full wp-image-16022\" src=\"https:\/\/presupuestoypatrimonio.umh.es\/files\/2023\/09\/ICONO-abre-en-nueva-ventana.png\" alt=\"abre en nueva ventana\" width=\"15\" height=\"15\" \/><\/a><\/li>\n<li><a href=\"https:\/\/presupuestoypatrimonio.umh.es\/files\/2023\/03\/4.23-033G-ANEXO-I-ok-1.pdf\">EXPTE. 33G\/23 1\u00aa Q FEBRERO 2023 (PDF)<img src=\"https:\/\/presupuestoypatrimonio.umh.es\/files\/2023\/09\/ICONO-abre-en-nueva-ventana.png\" \/><\/a><\/li>\n<li><a href=\"https:\/\/presupuestoypatrimonio.umh.es\/files\/2023\/03\/4.23-047G-ANEXO-I.pdf\">EXPTE. 47G\/23 2\u00aa Q FEBRERO 2023(PDF)<img loading=\"lazy\" class=\"alignnone size-full wp-image-16022\" src=\"https:\/\/presupuestoypatrimonio.umh.es\/files\/2023\/09\/ICONO-abre-en-nueva-ventana.png\" alt=\"abre en nueva ventana\" width=\"15\" height=\"15\" \/><\/a><\/li>\n<li><a href=\"https:\/\/presupuestoypatrimonio.umh.es\/files\/2023\/05\/4.23-070G-ANEXO-I-ok-CORREGIDO.pdf\">EXPTE. 70G\/23 1\u00aa Q MARZO 2023 (PDF)<img loading=\"lazy\" class=\"alignnone size-full wp-image-16022\" src=\"https:\/\/presupuestoypatrimonio.umh.es\/files\/2023\/09\/ICONO-abre-en-nueva-ventana.png\" alt=\"abre en nueva ventana\" width=\"15\" height=\"15\" \/><\/a><\/li>\n<li><a href=\"https:\/\/presupuestoypatrimonio.umh.es\/files\/2023\/04\/4.23-076G-ANEXO-I-ok.pdf\">EXPTE. 76G\/23 2\u00aa Q MARZO 2023(PDF)<img loading=\"lazy\" class=\"alignnone size-full wp-image-16022\" src=\"https:\/\/presupuestoypatrimonio.umh.es\/files\/2023\/09\/ICONO-abre-en-nueva-ventana.png\" alt=\"abre en nueva ventana\" width=\"15\" height=\"15\" \/><\/a><\/li>\n<li><a href=\"https:\/\/presupuestoypatrimonio.umh.es\/files\/2023\/05\/4.23-112G-ANEXO-I-3.pdf\">EXPTE. 112G\/23 2\u00aa Q ABRIL 2023(PDF)<img loading=\"lazy\" class=\"alignnone size-full wp-image-16022\" src=\"https:\/\/presupuestoypatrimonio.umh.es\/files\/2023\/09\/ICONO-abre-en-nueva-ventana.png\" alt=\"abre en nueva ventana\" width=\"15\" height=\"15\" \/><\/a><\/li>\n<li><a href=\"https:\/\/presupuestoypatrimonio.umh.es\/files\/2023\/06\/3.23-130G-ANEXO-I-ok.pdf\">EXPTE.130G\/23 1\u00aaQ MAYO 2023(PDF)<img loading=\"lazy\" class=\"alignnone size-full wp-image-16022\" src=\"https:\/\/presupuestoypatrimonio.umh.es\/files\/2023\/09\/ICONO-abre-en-nueva-ventana.png\" alt=\"abre en nueva ventana\" width=\"15\" height=\"15\" \/><\/a><\/li>\n<li><a href=\"https:\/\/presupuestoypatrimonio.umh.es\/files\/2023\/06\/4.23-148G-ANEXO-I-OK.pdf\">EXPTE.148G\/23 2\u00aa Q MAYO 2023(PDF)<img loading=\"lazy\" class=\"alignnone size-full wp-image-16022\" src=\"https:\/\/presupuestoypatrimonio.umh.es\/files\/2023\/09\/ICONO-abre-en-nueva-ventana.png\" alt=\"abre en nueva ventana\" width=\"15\" height=\"15\" \/><\/a><\/li>\n<li><a href=\"https:\/\/presupuestoypatrimonio.umh.es\/files\/2023\/07\/4.23-164G-ANEXO-I-OK.pdf\">EXPTE. 164G\/23 1\u00aaQ JUNIO 2023(PDF)<img loading=\"lazy\" class=\"alignnone size-full wp-image-16022\" src=\"https:\/\/presupuestoypatrimonio.umh.es\/files\/2023\/09\/ICONO-abre-en-nueva-ventana.png\" alt=\"\" width=\"15\" height=\"15\" \/><\/a><\/li>\n<\/ul>\n<p><\/p>","protected":false},"excerpt":{"rendered":"<p>EXPTE. 13G\/23 1\u00aa Q ENERO 2023 (PDF)<br \/>\nEXPTE. 17G\/23 2\u00aa Q ENERO 2023 (PDF)<br \/>\nEXPTE. 33G\/23 1\u00aa Q FEBRERO 2023 (PDF)<br \/>\nEXPTE. 47G\/23 2\u00aa Q FEBRERO 2023(PDF)<br \/>\nEXPTE. 70G\/23 1\u00aa Q MARZO 2023 (PDF)<br \/>\nEXPTE. 76G\/23 2\u00aa Q MARZO 2023(PDF)<br \/>\nEXPTE. 112G\/23 2\u00aa Q ABRIL 2023(PDF)<br \/>\nEXPTE.130G\/23 1\u00aaQ MAYO 2023(PDF)<br \/>\nEXPTE.148G\/23 2\u00aa Q MAYO 2023(PDF)<br \/>\nEXPTE. 164G\/23 1\u00aaQ JUNIO 2023(PDF)<\/p>\n","protected":false},"author":3465,"featured_media":0,"parent":17497,"menu_order":0,"comment_status":"closed","ping_status":"closed","template":"","meta":{"_links_to":"","_links_to_target":""},"_links":{"self":[{"href":"https:\/\/presupuestoypatrimonio.umh.es\/en\/wp-json\/wp\/v2\/pages\/17766"}],"collection":[{"href":"https:\/\/presupuestoypatrimonio.umh.es\/en\/wp-json\/wp\/v2\/pages"}],"about":[{"href":"https:\/\/presupuestoypatrimonio.umh.es\/en\/wp-json\/wp\/v2\/types\/page"}],"author":[{"embeddable":true,"href":"https:\/\/presupuestoypatrimonio.umh.es\/en\/wp-json\/wp\/v2\/users\/3465"}],"replies":[{"embeddable":true,"href":"https:\/\/presupuestoypatrimonio.umh.es\/en\/wp-json\/wp\/v2\/comments?post=17766"}],"version-history":[{"count":0,"href":"https:\/\/presupuestoypatrimonio.umh.es\/en\/wp-json\/wp\/v2\/pages\/17766\/revisions"}],"up":[{"embeddable":true,"href":"https:\/\/presupuestoypatrimonio.umh.es\/en\/wp-json\/wp\/v2\/pages\/17497"}],"wp:attachment":[{"href":"https:\/\/presupuestoypatrimonio.umh.es\/en\/wp-json\/wp\/v2\/media?parent=17766"}],"curies":[{"name":"wp","href":"https:\/\/api.w.org\/{rel}","templated":true}]}}