{"id":19172,"date":"2023-06-27T14:26:29","date_gmt":"2023-06-27T12:26:29","guid":{"rendered":"https:\/\/presupuestoypatrimonio.umh.es\/?page_id=19172"},"modified":"2023-06-28T15:10:45","modified_gmt":"2023-06-28T13:10:45","slug":"relacion-de-partidas-presupuestarias-y-centros-de-gasto-afectados-por-la-reestructuracion-a-gestionar-por-organo-de-gobierno","status":"publish","type":"page","link":"https:\/\/presupuestoypatrimonio.umh.es\/en\/relacion-de-partidas-presupuestarias-y-centros-de-gasto-afectados-por-la-reestructuracion-a-gestionar-por-organo-de-gobierno\/","title":{"rendered":"<span lang=\"es\">(Espa\u00f1ol) Relaci\u00f3n de Partidas Presupuestarias y Centros de Gasto afectados por la reestructuraci\u00f3n, a gestionar por \u00d3rgano de Gobierno<\/span>"},"content":{"rendered":"<p><a href=\"https:\/\/presupuestoypatrimonio.umh.es\/files\/2023\/06\/Informe-de-Saldos-03-Vicerrectorado-de-Estudios.xlsx\" target=\"_blank\" rel=\"noopener\">Informe de Reestructuraci\u00f3n 03 Vicerrectorado de Estudios (XLSX)<img loading=\"lazy\" class=\"alignnone size-full wp-image-16022\" src=\"https:\/\/presupuestoypatrimonio.umh.es\/files\/2023\/09\/ICONO-abre-en-nueva-ventana.png\" alt=\"\" width=\"15\" height=\"15\" \/><\/a><\/p>\n<p><a href=\"https:\/\/presupuestoypatrimonio.umh.es\/files\/2023\/06\/Informe-de-Saldos-04-Vicerrectorado-de-Investigacion-y-Transferencia.xlsx\" target=\"_blank\" rel=\"noopener\">Informe de Reestructuraci\u00f3n 04 Vicerrectorado de Investigaci\u00f3n y Transferencia (XLSX)<img loading=\"lazy\" class=\"alignnone size-full wp-image-16022\" src=\"https:\/\/presupuestoypatrimonio.umh.es\/files\/2023\/09\/ICONO-abre-en-nueva-ventana.png\" alt=\"\" width=\"15\" height=\"15\" \/><\/a><\/p>\n<p><a href=\"https:\/\/presupuestoypatrimonio.umh.es\/files\/2023\/06\/Informe-de-Saldos-05-Vicerrectorado-de-Economia-y-Sociedad.xlsx\" target=\"_blank\" rel=\"noopener\">Informe de Reestructuraci\u00f3n 05 Vicerrectorado de Econom\u00eda y Sociedad (XLSX)<img loading=\"lazy\" class=\"alignnone size-full wp-image-16022\" src=\"https:\/\/presupuestoypatrimonio.umh.es\/files\/2023\/09\/ICONO-abre-en-nueva-ventana.png\" alt=\"\" width=\"15\" height=\"15\" \/><\/a><\/p>\n<p><a href=\"https:\/\/presupuestoypatrimonio.umh.es\/files\/2023\/06\/Informe-de-Saldos-06-Vicerrectorado-de-Infraestructuras.xlsx\" target=\"_blank\" rel=\"noopener\">Informe de Reestructuraci\u00f3n 06 Vicerrectorado de Infraestructuras (XLSX)<img loading=\"lazy\" class=\"alignnone size-full wp-image-16022\" src=\"https:\/\/presupuestoypatrimonio.umh.es\/files\/2023\/09\/ICONO-abre-en-nueva-ventana.png\" alt=\"\" width=\"15\" height=\"15\" \/><\/a><\/p>\n<p><a href=\"https:\/\/presupuestoypatrimonio.umh.es\/files\/2023\/06\/Informe-de-Saldos-08-Vicerrectorado-de-Estudiantes-y-Coordinacion.xlsx\" target=\"_blank\" rel=\"noopener\">Informe de Reestructuraci\u00f3n 08 Vicerrectorado de Estudiantes y Coordinaci\u00f3n (XLSX)<img loading=\"lazy\" class=\"alignnone size-full wp-image-16022\" src=\"https:\/\/presupuestoypatrimonio.umh.es\/files\/2023\/09\/ICONO-abre-en-nueva-ventana.png\" alt=\"\" width=\"15\" height=\"15\" \/><\/a><\/p>\n<p><a href=\"https:\/\/presupuestoypatrimonio.umh.es\/files\/2023\/06\/Informe-de-Saldos-10-Vicerrectorado-de-Cultura-Igualdad-y-Diversidad.xlsx\" target=\"_blank\" rel=\"noopener\">Informe de Reestructuraci\u00f3n 10 Vicerrectorado de Cultura, Igualdad y Diversidad (XLSX)<img loading=\"lazy\" class=\"alignnone size-full wp-image-16022\" src=\"https:\/\/presupuestoypatrimonio.umh.es\/files\/2023\/09\/ICONO-abre-en-nueva-ventana.png\" alt=\"\" width=\"15\" height=\"15\" \/><\/a><\/p>\n<p><a href=\"https:\/\/presupuestoypatrimonio.umh.es\/files\/2023\/06\/Informe-de-Saldos-11-Vicerrectorado-de-Internacionalizacion-y-Cooperacion.xlsx\" target=\"_blank\" rel=\"noopener\">Informe de Reestructuraci\u00f3n 11 Vicerrectorado de Internacionalizaci\u00f3n y Cooperaci\u00f3n (XLSX)<img loading=\"lazy\" class=\"alignnone size-full wp-image-16022\" src=\"https:\/\/presupuestoypatrimonio.umh.es\/files\/2023\/09\/ICONO-abre-en-nueva-ventana.png\" alt=\"\" width=\"15\" height=\"15\" \/><\/a><\/p>\n<p><a href=\"https:\/\/presupuestoypatrimonio.umh.es\/files\/2023\/06\/Informe-de-Saldos-12-Vicerrectorado-de-Planificacion-y-Responsabilidad-Social.xlsx\" target=\"_blank\" rel=\"noopener\">Informe de Reestructuraci\u00f3n 12 Vicerrectorado de Planificaci\u00f3n y Responsabilidad Social (XLSX)<img loading=\"lazy\" class=\"alignnone size-full wp-image-16022\" src=\"https:\/\/presupuestoypatrimonio.umh.es\/files\/2023\/09\/ICONO-abre-en-nueva-ventana.png\" alt=\"\" width=\"15\" height=\"15\" \/><\/a><\/p>\n<p><a href=\"https:\/\/presupuestoypatrimonio.umh.es\/files\/2023\/06\/Informe-de-Saldos-Delegado-Campus-Saludables-y-Deportes.xlsx\" target=\"_blank\" rel=\"noopener\">Informe de Reestructuraci\u00f3n Delegado Campus Saludables y Deportes (XLSX)<img loading=\"lazy\" class=\"alignnone size-full wp-image-16022\" src=\"https:\/\/presupuestoypatrimonio.umh.es\/files\/2023\/09\/ICONO-abre-en-nueva-ventana.png\" alt=\"\" width=\"15\" height=\"15\" \/><\/a><\/p>\n<p><a href=\"https:\/\/presupuestoypatrimonio.umh.es\/files\/2023\/06\/Informe-de-Saldos-Delegado-Transformacion-Digital.xlsx\" target=\"_blank\" rel=\"noopener\">Informe de Reestructuraci\u00f3n Delegado Transformaci\u00f3n Digital (XLSX)<img loading=\"lazy\" class=\"alignnone size-full wp-image-16022\" src=\"https:\/\/presupuestoypatrimonio.umh.es\/files\/2023\/09\/ICONO-abre-en-nueva-ventana.png\" alt=\"\" width=\"15\" height=\"15\" \/><\/a><\/p>","protected":false},"excerpt":{"rendered":"<p>Informe de Reestructuraci\u00f3n 03 Vicerrectorado de Estudios (XLSX)<br \/>\nInforme de Reestructuraci\u00f3n 04 Vicerrectorado de Investigaci\u00f3n y Transferencia (XLSX)<br \/>\nInforme de Reestructuraci\u00f3n 05 Vicerrectorado de Econom\u00eda y Sociedad (XLSX)<br \/>\nInforme de Reestructuraci\u00f3n 06 Vicerrectorado de Infraestructuras (XLSX)<br \/>\nInforme de Reestructuraci\u00f3n 08 Vicerrectorado de Estudiantes y Coordinaci\u00f3n (XLSX)<br \/>\nInforme de Reestructuraci\u00f3n 10 Vicerrectorado de Cultura, Igualdad y Diversidad (XLSX)<br \/>\nInforme de Reestructuraci\u00f3n 11 [&#8230;]<\/p>\n","protected":false},"author":126,"featured_media":0,"parent":0,"menu_order":0,"comment_status":"closed","ping_status":"closed","template":"","meta":{"_links_to":"","_links_to_target":""},"_links":{"self":[{"href":"https:\/\/presupuestoypatrimonio.umh.es\/en\/wp-json\/wp\/v2\/pages\/19172"}],"collection":[{"href":"https:\/\/presupuestoypatrimonio.umh.es\/en\/wp-json\/wp\/v2\/pages"}],"about":[{"href":"https:\/\/presupuestoypatrimonio.umh.es\/en\/wp-json\/wp\/v2\/types\/page"}],"author":[{"embeddable":true,"href":"https:\/\/presupuestoypatrimonio.umh.es\/en\/wp-json\/wp\/v2\/users\/126"}],"replies":[{"embeddable":true,"href":"https:\/\/presupuestoypatrimonio.umh.es\/en\/wp-json\/wp\/v2\/comments?post=19172"}],"version-history":[{"count":0,"href":"https:\/\/presupuestoypatrimonio.umh.es\/en\/wp-json\/wp\/v2\/pages\/19172\/revisions"}],"wp:attachment":[{"href":"https:\/\/presupuestoypatrimonio.umh.es\/en\/wp-json\/wp\/v2\/media?parent=19172"}],"curies":[{"name":"wp","href":"https:\/\/api.w.org\/{rel}","templated":true}]}}