{"id":3056,"date":"2008-06-02T13:47:12","date_gmt":"2008-06-02T13:47:12","guid":{"rendered":"http:\/\/compras.zeus.umh.es\/carta-de-servicios\/derechos-de-los-usuarios\/"},"modified":"2021-04-14T13:43:22","modified_gmt":"2021-04-14T11:43:22","slug":"derechos-de-los-usuarios","status":"publish","type":"page","link":"https:\/\/presupuestoypatrimonio.umh.es\/en\/derechos-de-los-usuarios\/","title":{"rendered":"Derechos de los usuarios"},"content":{"rendered":"<p><\/p>\n<p><p>En general, y sin perjuicio de los derechos que les reconozca la legislaci\u00f3n vigente, los interesados en los procedimientos que se sigan en\u00a0la Unidad de Compras,\u00a0Inventario y Bienes\u00a0tienen los siguientes derechos:<\/p>\n<p>1. A recibir informaci\u00f3n de los procedimientos que les afecten de manera presencial, telef\u00f3nica y telem\u00e1tica.Este derecho conlleva el de conocer, en cualquier momento, el estado de la tramitaci\u00f3n de los procedimientos en los que tengan la condici\u00f3n de interesados, y el de obtener copias de los documentos contenidos en ellos, sin perjuicio de las limitaciones establecidas al mismo por la legislaci\u00f3n vigente.<\/p>\n<p>2. A ser atendidos de manera directa y personalizadamente, pudiendo identificar a las Autoridades y al personal bajo cuya responsabilidad se tramiten los procedimientos.<\/p>\n<p>3. A obtener informaci\u00f3n acerca de los procedimientos seguidos en el Servicio de manera eficaz y r\u00e1pida.<\/p>\n<p>4. A ser tratados con respeto y deferencia por los funcionarios y personal administrativo adscrito a la Unidad\u00a0y a ser auxiliados en la redacci\u00f3n formal de los documentos administrativos que dirijan, en el curso de un procedimiento tramitado por el mismo, a las Autoridades universitarias.<\/p>\n<p>5. A que las quejas y sugerencias que se presenten ante\u00a0la Unidad\u00a0se trasladen, en su caso, para su estudio y resoluci\u00f3n, a los superiores jer\u00e1rquicos de la misma y a la contestaci\u00f3n de las mismas en los plazos establecidos.<\/p>\n<\/p>\n<p><\/p>","protected":false},"excerpt":{"rendered":"<p>En general, y sin perjuicio de los derechos que les reconozca la legislaci\u00f3n vigente, los interesados en los procedimientos que se sigan en\u00a0la Unidad de Compras,\u00a0Inventario y Bienes\u00a0tienen los siguientes derechos:<br \/>\n1. A recibir informaci\u00f3n de los procedimientos que les afecten de manera presencial, telef\u00f3nica y telem\u00e1tica.Este derecho conlleva el de conocer, en cualquier momento, el [&#8230;]<\/p>\n","protected":false},"author":465,"featured_media":0,"parent":0,"menu_order":121,"comment_status":"closed","ping_status":"closed","template":"","meta":{"_links_to":"","_links_to_target":""},"_links":{"self":[{"href":"https:\/\/presupuestoypatrimonio.umh.es\/en\/wp-json\/wp\/v2\/pages\/3056"}],"collection":[{"href":"https:\/\/presupuestoypatrimonio.umh.es\/en\/wp-json\/wp\/v2\/pages"}],"about":[{"href":"https:\/\/presupuestoypatrimonio.umh.es\/en\/wp-json\/wp\/v2\/types\/page"}],"author":[{"embeddable":true,"href":"https:\/\/presupuestoypatrimonio.umh.es\/en\/wp-json\/wp\/v2\/users\/465"}],"replies":[{"embeddable":true,"href":"https:\/\/presupuestoypatrimonio.umh.es\/en\/wp-json\/wp\/v2\/comments?post=3056"}],"version-history":[{"count":0,"href":"https:\/\/presupuestoypatrimonio.umh.es\/en\/wp-json\/wp\/v2\/pages\/3056\/revisions"}],"wp:attachment":[{"href":"https:\/\/presupuestoypatrimonio.umh.es\/en\/wp-json\/wp\/v2\/media?parent=3056"}],"curies":[{"name":"wp","href":"https:\/\/api.w.org\/{rel}","templated":true}]}}