{"id":3527,"date":"2016-02-16T11:38:42","date_gmt":"2016-02-16T11:38:42","guid":{"rendered":"http:\/\/presupuestoypatrimonio.umh.es\/?page_id=3527"},"modified":"2024-03-06T13:10:53","modified_gmt":"2024-03-06T12:10:53","slug":"bajas","status":"publish","type":"page","link":"https:\/\/presupuestoypatrimonio.umh.es\/en\/patrimonio-e-inventario\/modelos\/bajas\/","title":{"rendered":"<span lang=\"es\">(Espa\u00f1ol) Bajas<\/span>"},"content":{"rendered":"<p><strong>Retirada de bienes inventariados:<\/strong> Actividad mediante la que se procede a desvincular de la Unidad Org\u00e1nica solicitante, bienes que formen parte del inventario de la misma, para posteriormente ser reasignados o dados de baja si su reutilizaci\u00f3n no fuera posible.<\/p>\n<p><strong><a href=\"https:\/\/presupuestoypatrimonio.umh.es\/files\/2018\/03\/P\u00e1ginas-desdeBAJAS-O-RETIRADAS-DE-BIENES-INFORM\u00c1TICOS-DE-UNA-UNIDAD-ORG\u00c1NICA-1.pdf\" target=\"_blank\" rel=\"noopener noreferrer\">Procedimiento solicitud retirada material inform\u00e1tico (PDF) <\/a><a href=\"https:\/\/presupuestoypatrimonio.umh.es\/files\/2023\/09\/ICONO-abre-en-nueva-ventana.png\"><img loading=\"lazy\" class=\"alignnone size-full wp-image-16022\" src=\"https:\/\/presupuestoypatrimonio.umh.es\/files\/2023\/09\/ICONO-abre-en-nueva-ventana.png\" alt=\"\" width=\"15\" height=\"15\" \/><\/a><\/strong><\/p>\n<p><strong><a href=\"https:\/\/presupuestoypatrimonio.umh.es\/files\/2020\/01\/Nuevo-Procedimiento-baja-no-inform\u00e1tica1-3.pdf\" target=\"_blank\" rel=\"noopener noreferrer\">Procedimiento solicitud retirada material NO inform\u00e1tico (PDF) <\/a><a href=\"https:\/\/presupuestoypatrimonio.umh.es\/files\/2023\/09\/ICONO-abre-en-nueva-ventana.png\"><img loading=\"lazy\" class=\"alignnone size-full wp-image-16022\" src=\"https:\/\/presupuestoypatrimonio.umh.es\/files\/2023\/09\/ICONO-abre-en-nueva-ventana.png\" alt=\"\" width=\"15\" height=\"15\" \/><\/a><\/strong><\/p>","protected":false},"excerpt":{"rendered":"<p>Retirada de bienes inventariados: Actividad mediante la que se procede a desvincular de la Unidad Org\u00e1nica solicitante, bienes que formen parte del inventario de la misma, para posteriormente ser reasignados o dados de baja si su reutilizaci\u00f3n no fuera posible.<br \/>\nProcedimiento solicitud retirada material inform\u00e1tico (PDF)<br \/>\nProcedimiento solicitud retirada material NO inform\u00e1tico (PDF) <\/p>\n","protected":false},"author":465,"featured_media":0,"parent":3059,"menu_order":4,"comment_status":"closed","ping_status":"open","template":"","meta":{"_links_to":"","_links_to_target":""},"_links":{"self":[{"href":"https:\/\/presupuestoypatrimonio.umh.es\/en\/wp-json\/wp\/v2\/pages\/3527"}],"collection":[{"href":"https:\/\/presupuestoypatrimonio.umh.es\/en\/wp-json\/wp\/v2\/pages"}],"about":[{"href":"https:\/\/presupuestoypatrimonio.umh.es\/en\/wp-json\/wp\/v2\/types\/page"}],"author":[{"embeddable":true,"href":"https:\/\/presupuestoypatrimonio.umh.es\/en\/wp-json\/wp\/v2\/users\/465"}],"replies":[{"embeddable":true,"href":"https:\/\/presupuestoypatrimonio.umh.es\/en\/wp-json\/wp\/v2\/comments?post=3527"}],"version-history":[{"count":0,"href":"https:\/\/presupuestoypatrimonio.umh.es\/en\/wp-json\/wp\/v2\/pages\/3527\/revisions"}],"up":[{"embeddable":true,"href":"https:\/\/presupuestoypatrimonio.umh.es\/en\/wp-json\/wp\/v2\/pages\/3059"}],"wp:attachment":[{"href":"https:\/\/presupuestoypatrimonio.umh.es\/en\/wp-json\/wp\/v2\/media?parent=3527"}],"curies":[{"name":"wp","href":"https:\/\/api.w.org\/{rel}","templated":true}]}}