{"id":4496,"date":"2017-03-13T17:57:51","date_gmt":"2017-03-13T17:57:51","guid":{"rendered":"http:\/\/presupuestoypatrimonio.umh.es\/?page_id=4496"},"modified":"2025-10-06T14:14:19","modified_gmt":"2025-10-06T12:14:19","slug":"subvenciones-becas-ayudas-y-premios","status":"publish","type":"page","link":"https:\/\/presupuestoypatrimonio.umh.es\/en\/subvenciones-becas-ayudas-y-premios\/","title":{"rendered":"<span lang=\"es\">(Espa\u00f1ol) Gesti\u00f3n Presupuesto: Cap\u00edtulos IV y VII<\/span>"},"content":{"rendered":"<p class=\"qtranxs-available-languages-message qtranxs-available-languages-message-en\">Sorry, this entry is only available in <a href=\"https:\/\/presupuestoypatrimonio.umh.es\/es\/wp-json\/wp\/v2\/pages\/4496\" class=\"qtranxs-available-language-link qtranxs-available-language-link-es\" title=\"Espa\u00f1ol\">European Spanish<\/a>.<\/p>","protected":false},"excerpt":{"rendered":"<p>Sorry, this entry is only available in European Spanish.<\/p>\n","protected":false},"author":211,"featured_media":0,"parent":0,"menu_order":5,"comment_status":"closed","ping_status":"closed","template":"","meta":{"_links_to":"","_links_to_target":""},"_links":{"self":[{"href":"https:\/\/presupuestoypatrimonio.umh.es\/en\/wp-json\/wp\/v2\/pages\/4496"}],"collection":[{"href":"https:\/\/presupuestoypatrimonio.umh.es\/en\/wp-json\/wp\/v2\/pages"}],"about":[{"href":"https:\/\/presupuestoypatrimonio.umh.es\/en\/wp-json\/wp\/v2\/types\/page"}],"author":[{"embeddable":true,"href":"https:\/\/presupuestoypatrimonio.umh.es\/en\/wp-json\/wp\/v2\/users\/211"}],"replies":[{"embeddable":true,"href":"https:\/\/presupuestoypatrimonio.umh.es\/en\/wp-json\/wp\/v2\/comments?post=4496"}],"version-history":[{"count":0,"href":"https:\/\/presupuestoypatrimonio.umh.es\/en\/wp-json\/wp\/v2\/pages\/4496\/revisions"}],"wp:attachment":[{"href":"https:\/\/presupuestoypatrimonio.umh.es\/en\/wp-json\/wp\/v2\/media?parent=4496"}],"curies":[{"name":"wp","href":"https:\/\/api.w.org\/{rel}","templated":true}]}}