{"id":5720,"date":"2018-01-29T16:11:20","date_gmt":"2018-01-29T15:11:20","guid":{"rendered":"http:\/\/presupuestoypatrimonio.umh.es\/?page_id=5720"},"modified":"2024-10-29T13:27:53","modified_gmt":"2024-10-29T12:27:53","slug":"telefonos-moviles","status":"publish","type":"page","link":"https:\/\/presupuestoypatrimonio.umh.es\/en\/patrimonio-e-inventario\/modelos\/telefonos-moviles\/","title":{"rendered":"<span lang=\"es\">(Espa\u00f1ol) Tel\u00e9fonos m\u00f3viles<\/span>"},"content":{"rendered":"<p class=\"qtranxs-available-languages-message qtranxs-available-languages-message-en\">Sorry, this entry is only available in <a href=\"https:\/\/presupuestoypatrimonio.umh.es\/es\/wp-json\/wp\/v2\/pages\/5720\" class=\"qtranxs-available-language-link qtranxs-available-language-link-es\" title=\"Espa\u00f1ol\">European Spanish<\/a>.<\/p>","protected":false},"excerpt":{"rendered":"<p>Sorry, this entry is only available in European Spanish.<\/p>\n","protected":false},"author":465,"featured_media":0,"parent":3059,"menu_order":9,"comment_status":"closed","ping_status":"closed","template":"","meta":{"_links_to":"","_links_to_target":""},"_links":{"self":[{"href":"https:\/\/presupuestoypatrimonio.umh.es\/en\/wp-json\/wp\/v2\/pages\/5720"}],"collection":[{"href":"https:\/\/presupuestoypatrimonio.umh.es\/en\/wp-json\/wp\/v2\/pages"}],"about":[{"href":"https:\/\/presupuestoypatrimonio.umh.es\/en\/wp-json\/wp\/v2\/types\/page"}],"author":[{"embeddable":true,"href":"https:\/\/presupuestoypatrimonio.umh.es\/en\/wp-json\/wp\/v2\/users\/465"}],"replies":[{"embeddable":true,"href":"https:\/\/presupuestoypatrimonio.umh.es\/en\/wp-json\/wp\/v2\/comments?post=5720"}],"version-history":[{"count":0,"href":"https:\/\/presupuestoypatrimonio.umh.es\/en\/wp-json\/wp\/v2\/pages\/5720\/revisions"}],"up":[{"embeddable":true,"href":"https:\/\/presupuestoypatrimonio.umh.es\/en\/wp-json\/wp\/v2\/pages\/3059"}],"wp:attachment":[{"href":"https:\/\/presupuestoypatrimonio.umh.es\/en\/wp-json\/wp\/v2\/media?parent=5720"}],"curies":[{"name":"wp","href":"https:\/\/api.w.org\/{rel}","templated":true}]}}